{"id":256,"date":"2021-02-23T10:27:39","date_gmt":"2021-02-23T09:27:39","guid":{"rendered":"https:\/\/broelz-burnout-beratung.de\/?page_id=256"},"modified":"2021-03-03T15:01:01","modified_gmt":"2021-03-03T14:01:01","slug":"ressourcen","status":"publish","type":"page","link":"https:\/\/broelz-burnout-beratung.de\/index.php\/ressourcen\/","title":{"rendered":"Ressourcen"},"content":{"rendered":"<div id='av_section_1'  class='avia-section main_color avia-section-default avia-no-border-styling  av-parallax-section avia-bg-style-parallax  avia-builder-el-0  el_before_av_fullscreen  avia-builder-el-first   av-mini-hide av-minimum-height av-minimum-height-75  container_wrap fullsize' style=' '  data-section-bg-repeat='no-repeat' data-av_minimum_height_pc='75'><div class='av-parallax' data-avia-parallax-ratio='0.3' ><div class='av-parallax-inner main_color  avia-full-stretch' style = 'background-repeat: no-repeat; background-image: url(https:\/\/broelz-burnout-beratung.de\/wp-content\/uploads\/2021\/03\/Carola-Bro\u0308lz-Burnout-Beratung-Ressourcen-aktivieren.jpg);background-attachment: scroll; background-position: top center; ' ><\/div><\/div><div class='container' ><main  role=\"main\" itemprop=\"mainContentOfPage\"  class='template-page content  av-content-full alpha units'><div class='post-entry post-entry-type-page post-entry-256'><div class='entry-content-wrapper clearfix'>\n<div class=\"flex_column av_one_full  flex_column_div av-zero-column-padding first  avia-builder-el-1  avia-builder-el-no-sibling  \" style='border-radius:0px; '><div  style='padding-bottom:10px; ' class='av-special-heading av-special-heading-h1  blockquote modern-quote modern-centered  avia-builder-el-2  avia-builder-el-no-sibling  white_font '><h1 class='av-special-heading-tag '  itemprop=\"headline\"  >Ressourcen<\/h1><div class='special-heading-border'><div class='special-heading-inner-border' ><\/div><\/div><\/div><\/div>\n\n<\/div><\/div><\/main><!-- close content main element --><\/div><\/div><div id='fullscreen_slider_1'  class='avia-fullscreen-slider main_color  av-desktop-hide av-medium-hide av-small-hide  avia-builder-el-3  el_after_av_section  el_before_av_section  slider  slider-not-first container_wrap fullsize' style=' '  ><div   data-size='no scaling'  data-lightbox_size='large'  data-animation='slide'  data-conditional_play=''  data-ids='976'  data-video_counter='0'  data-autoplay='false'  data-bg_slider='true'  data-slide_height='100'  data-handle='av_fullscreen'  data-interval='5'  data-class=' '  data-el_id=''  data-css_id='fullscreen_slider_1'  data-scroll_down=''  data-control_layout='av-control-default'  data-custom_markup=''  data-perma_caption=''  data-autoplay_stopper=''  data-image_attachment=''  data-min_height='0px'  data-lazy_loading='disabled'  data-stretch=''  class='avia-slideshow avia-slideshow-1  av-control-default av-default-height-applied avia-slideshow-no scaling av_fullscreen   avia-slide-slider '  itemprop=\"image\" itemscope=\"itemscope\" itemtype=\"https:\/\/schema.org\/ImageObject\" ><ul class='avia-slideshow-inner ' style='padding-bottom: 66.65%;' ><li style='background-position:center center;' data-img-url='https:\/\/broelz-burnout-beratung.de\/wp-content\/uploads\/2021\/03\/Carola-Bro\u0308lz-Burnout-Beratung-Ressourcen-aktivieren.jpg' class=' av-single-slide slide-1 ' ><div data-rel='slideshow-1' class='avia-slide-wrap '   ><div class = \"caption_fullwidth av-slideshow-caption caption_center\"><div class = \"container caption_container\"><div class = \"slideshow_caption\"><div class = \"slideshow_inner_caption\"><div class = \"slideshow_align_caption\"><h2  class='avia-caption-title   av-mini-font-size-overwrite av-mini-font-size-34'  itemprop=\"name\" >Ressourcen<\/h2><\/div><\/div><\/div><\/div><\/div><\/div><\/li><\/ul><\/div><\/div>\n<div id='av_section_2'  class='avia-section main_color avia-section-large avia-no-border-styling  avia-bg-style-scroll  avia-builder-el-4  el_after_av_fullscreen  el_before_av_section   container_wrap fullsize' style=' '  ><div class='container' ><div class='template-page content  av-content-full alpha units'><div class='post-entry post-entry-type-page post-entry-256'><div class='entry-content-wrapper clearfix'>\n<div class=\"flex_column av_one_full  flex_column_div av-zero-column-padding first  avia-builder-el-5  avia-builder-el-no-sibling  \" style='border-radius:0px; '><section class=\"av_textblock_section \"  itemscope=\"itemscope\" itemtype=\"https:\/\/schema.org\/CreativeWork\" ><div class='avia_textblock  '   itemprop=\"text\" ><p class=\"p1\"><span class=\"s1\">In jedem von uns liegt so viel Kraft, wie wir es uns kaum vorstellen k\u00f6nnen, um dies zu erreichen, m\u00fcssen wir tun, was wir bisher noch nicht getan haben. Das klingt kompliziert, kann aber ganz einfach sein: Nehmen Sie einen anderen Weg zur Arbeit, lernen Sie eine neue Sprache oder sprechen Sie fremde Menschen an. Kleine Ver\u00e4nderungen \u00f6ffnen neue T\u00fcren und lassen alte Probleme in einem anderen Licht erscheinen.<\/span><\/p>\n<\/div><\/section><\/div>\n\n<\/div><\/div><\/div><!-- close content main div --><\/div><\/div><div id='ressourcen'  class='avia-section alternate_color avia-section-large avia-no-border-styling  avia-bg-style-scroll  avia-builder-el-7  el_after_av_section  avia-builder-el-last   container_wrap fullsize' style=' '  ><div class='container' ><div class='template-page content  av-content-full alpha units'><div class='post-entry post-entry-type-page post-entry-256'><div class='entry-content-wrapper clearfix'>\n<div class='flex_column_table av-equal-height-column-flextable -flextable' style='margin-top:0px; margin-bottom:15px; '><div class=\"flex_column av_one_half  flex_column_table_cell av-equal-height-column av-align-top av-zero-column-padding first  avia-builder-el-8  el_before_av_one_half  avia-builder-el-first  \" style='border-radius:0px; ' id=\"bluebox\" ><section class=\"av_textblock_section \"  itemscope=\"itemscope\" itemtype=\"https:\/\/schema.org\/CreativeWork\" ><div class='avia_textblock  '   itemprop=\"text\" ><p><b>Verbesserungen<\/b><\/p>\n<p class=\"p1\"><span class=\"s1\">Gewohnheiten sind automatisiert und laufen unbewusst ab. Um Sie zu \u00e4ndern m\u00fcssen wir Sie ans Tageslicht holen. Schreiben Sie Gewohnheiten, die Sie \u00e4ndern m\u00f6chten auf ein Blatt Papier. Finden Sie positive S\u00e4tze warum Sie diese \u00e4ndern m\u00f6chten.<span class=\"Apple-converted-space\">\u00a0<\/span><\/span><\/p>\n<\/div><\/section><\/div><div class='av-flex-placeholder'><\/div><div class=\"flex_column av_one_half  flex_column_table_cell av-equal-height-column av-align-top av-zero-column-padding   avia-builder-el-10  el_after_av_one_half  el_before_av_one_half  \" style='border-radius:0px; ' id=\"blueborderbox\" ><section class=\"av_textblock_section \"  itemscope=\"itemscope\" itemtype=\"https:\/\/schema.org\/CreativeWork\" ><div class='avia_textblock  '   itemprop=\"text\" ><p class=\"p1\"><span class=\"s1\"><b>Ver\u00e4nderungen<\/b><\/span><\/p>\n<p class=\"p1\"><span class=\"s1\">Wenn das Leid gro\u00df genug ist oder der Schmerz unertr\u00e4glich wird, ist man bereit Dinge zu ver\u00e4ndern, dann ist die Bereitschaft da f\u00fcr Ver\u00e4nderung. Wer Ver\u00e4nderungen erzielen m\u00f6chte ben\u00f6tigt ein Ziel. Die L\u00f6sungen Ihrer Probleme stecken in Ihnen, nur dort werden Sie sie finden k\u00f6nnen.<\/span><\/p>\n<\/div><\/section><\/div><\/div><!--close column table wrapper. Autoclose: 1 --><div class='flex_column_table av-equal-height-column-flextable -flextable' style='margin-top:0px; margin-bottom:0px; '><div class=\"flex_column av_one_half  flex_column_table_cell av-equal-height-column av-align-top av-zero-column-padding first  avia-builder-el-12  el_after_av_one_half  el_before_av_one_half  column-top-margin\" style='border-radius:0px; ' id=\"greyborderbox\" ><section class=\"av_textblock_section \"  itemscope=\"itemscope\" itemtype=\"https:\/\/schema.org\/CreativeWork\" ><div class='avia_textblock  '   itemprop=\"text\" ><p class=\"p1\"><span class=\"s1\"><b>Echte soziale Kontakt<\/b><\/span><\/p>\n<p class=\"p1\"><span class=\"s1\">Treffen mit Freunden und Bekannten. Diese Gespr\u00e4che sind Gold wert, denn sie reflektieren ihr eigenes Verhalten, kommen durch das Gespr\u00e4ch auf neue Ideen und M\u00f6glichkeiten. Haben Sie echtes Interesse an Ihrem Gegen\u00fcber. Ein freundliches \u201eGuten Morgen\u201c, ein L\u00e4cheln zu Fremden &#8211; Probieren Sie es aus und schauen Sie was es mit Ihnen macht.<\/span><\/p>\n<\/div><\/section><\/div><div class='av-flex-placeholder'><\/div><div class=\"flex_column av_one_half  flex_column_table_cell av-equal-height-column av-align-top av-zero-column-padding   avia-builder-el-14  el_after_av_one_half  el_before_av_one_half  column-top-margin\" style='border-radius:0px; ' id=\"lightbluebox\" ><section class=\"av_textblock_section \"  itemscope=\"itemscope\" itemtype=\"https:\/\/schema.org\/CreativeWork\" ><div class='avia_textblock  '   itemprop=\"text\" ><p class=\"p1\"><span class=\"s1\"><b>Taglich frische Luft<\/b><\/span><\/p>\n<p class=\"p1\"><span class=\"s1\">Im Wald k\u00f6nnen wir den Kopf frei bekommen, Stress abbauen, Kraft tanken. Bewegung an der frischen Luft ist eines der altbew\u00e4hrtesten Heilmittel. Das Bewegen aktiviert unseren Blutkreislauf, der Sauerstoff versorgt unser Gehirn und jede einzelne Zelle. Es ist wissenschaftlich erwiesen, dass hierbei Gl\u00fcckshormone freigesetzt werden.<\/span><\/p>\n<\/div><\/section><\/div><\/div><!--close column table wrapper. Autoclose: 1 --><div class='flex_column_table av-equal-height-column-flextable -flextable' style='margin-top:0px; margin-bottom:15px; '><div class=\"flex_column av_one_half  flex_column_table_cell av-equal-height-column av-align-top av-zero-column-padding first  avia-builder-el-16  el_after_av_one_half  el_before_av_one_half  column-top-margin\" style='border-radius:0px; ' id=\"lightbluebox\" ><section class=\"av_textblock_section \"  itemscope=\"itemscope\" itemtype=\"https:\/\/schema.org\/CreativeWork\" ><div class='avia_textblock  '   itemprop=\"text\" ><p class=\"p1\"><span class=\"s1\"><b>Reduzieren von soziale Medien<\/b><\/span><\/p>\n<p class=\"p1\"><span class=\"s1\">Hier wird die angeblich heile Welt der anderen vorgegaukelt. Es lenkt kurzfristig ab, hinterl\u00e4sst aber einen bitteren Nachgeschmack und hat einen hohen Suchtfaktor.<\/span><\/p>\n<\/div><\/section><\/div><div class='av-flex-placeholder'><\/div><div class=\"flex_column av_one_half  flex_column_table_cell av-equal-height-column av-align-top av-zero-column-padding   avia-builder-el-18  el_after_av_one_half  el_before_av_one_half  column-top-margin\" style='border-radius:0px; ' id=\"bluebox\" ><section class=\"av_textblock_section \"  itemscope=\"itemscope\" itemtype=\"https:\/\/schema.org\/CreativeWork\" ><div class='avia_textblock  '   itemprop=\"text\" ><p class=\"p1\"><span class=\"s1\"><b>Handyzeit reduzieren<\/b><\/span><\/p>\n<p class=\"p1\"><span class=\"s1\">Reduzieren Sie die Zeit an ihrem Handy um die H\u00e4lfte.<\/span><\/p>\n<\/div><\/section><\/div><\/div><!--close column table wrapper. Autoclose: 1 --><div class='flex_column_table av-equal-height-column-flextable -flextable' style='margin-top:0px; margin-bottom:15px; '><div class=\"flex_column av_one_half  flex_column_table_cell av-equal-height-column av-align-top av-zero-column-padding first  avia-builder-el-20  el_after_av_one_half  el_before_av_one_half  column-top-margin\" style='border-radius:0px; ' id=\"bluebox\" ><section class=\"av_textblock_section \"  itemscope=\"itemscope\" itemtype=\"https:\/\/schema.org\/CreativeWork\" ><div class='avia_textblock  '   itemprop=\"text\" ><p class=\"p1\"><span class=\"s1\"><b>Positive Gedanken<\/b><\/span><\/p>\n<p class=\"p1\"><span class=\"s1\">Im Schnitt haben wir bis zu 60.000 Gedanken pro Tag. Unsere Gedanken bestimmen unser Handeln. Pr\u00fcfen Sie einmal selbst Ihre Gedanken: \u201eDas schaffst Du eh nicht\u201c, \u201eMan bist du bl\u00f6d\u201c, \u201eIch bin zu dick\u201c, \u201eAndere machen das viel besser\u201c. Ertappt? Die L\u00f6sung: Affirmation (Bejahung) Schreiben Sie sich positive und bejahende Leits\u00e4tze im Pr\u00e4senz auf. Wiederholen Sie diese t\u00e4glich mehrmals.<\/span><\/p>\n<\/div><\/section><\/div><div class='av-flex-placeholder'><\/div><div class=\"flex_column av_one_half  flex_column_table_cell av-equal-height-column av-align-top av-zero-column-padding   avia-builder-el-22  el_after_av_one_half  el_before_av_one_half  column-top-margin\" style='border-radius:0px; ' id=\"greyborderbox\" ><section class=\"av_textblock_section \"  itemscope=\"itemscope\" itemtype=\"https:\/\/schema.org\/CreativeWork\" ><div class='avia_textblock  '   itemprop=\"text\" ><p class=\"p1\"><span class=\"s1\"><b>Bewusst atmen<\/b><\/span><\/p>\n<p class=\"p1\"><span class=\"s1\">Was fr\u00fcher noch bel\u00e4chelt wurde, wird mehr und mehr gesch\u00e4tzt. Innehalten, sich nur auf sich, seinen K\u00f6rper zu achten findet immer gr\u00f6\u00dfere Beliebtheit. Fangen Sie ruhig klein an, indem Sie sich einfach mal Zeit f\u00fcr ihre Atmung nehmen. In k\u00fcrzester Zeit werden Sie bemerken, wie sich ihr Puls beruhigt und Herz und Atem wieder harmonieren.<\/span><\/p>\n<\/div><\/section><\/div><\/div><!--close column table wrapper. Autoclose: 1 --><div class='flex_column_table av-equal-height-column-flextable -flextable' style='margin-top:0px; margin-bottom:15px; '><div class=\"flex_column av_one_half  flex_column_table_cell av-equal-height-column av-align-top av-zero-column-padding first  avia-builder-el-24  el_after_av_one_half  el_before_av_one_half  column-top-margin\" style='border-radius:0px; ' id=\"blueborderbox\" ><section class=\"av_textblock_section \"  itemscope=\"itemscope\" itemtype=\"https:\/\/schema.org\/CreativeWork\" ><div class='avia_textblock  '   itemprop=\"text\" ><p class=\"p1\"><span class=\"s1\"><b>Nicht vorschnell Urteilen<span class=\"Apple-converted-space\">\u00a0<\/span><\/b><\/span><\/p>\n<p class=\"p1\"><span class=\"s1\">Am besten garnicht. Jeder tr\u00e4gt seine eigene Lebensgeschichte, mit ganz individuellen Erfahrungen mit sich. Geben Sie jedem die Chance er\/sie selbst zu sein, vor allem Sie selbst. Urteilen Sie \u00fcber andere hat es immer etwas mit Ihnen selbst zu tun.<span class=\"Apple-converted-space\">\u00a0<\/span><\/span><\/p>\n<\/div><\/section><\/div><div class='av-flex-placeholder'><\/div><div class=\"flex_column av_one_half  flex_column_table_cell av-equal-height-column av-align-top av-zero-column-padding   avia-builder-el-26  el_after_av_one_half  el_before_av_one_half  column-top-margin\" style='border-radius:0px; ' id=\"lightbluebox\" ><section class=\"av_textblock_section \"  itemscope=\"itemscope\" itemtype=\"https:\/\/schema.org\/CreativeWork\" ><div class='avia_textblock  '   itemprop=\"text\" ><p class=\"p1\"><span class=\"s1\"><b>Dinge bewusst tun<\/b><\/span><\/p>\n<p class=\"p1\"><span class=\"s1\">In unserer reiz\u00fcberfluteten Welt machen wir heute die Dinge schnell und hektisch und meist alles gleichzeitig: Beim Fr\u00fchst\u00fccken lesen wir nebenbei die Zeitung oder wenn wir Freunde treffen checken wir das Handy. Machen Sie die Dinge bewusst und einzeln. Geben Sie ihren Sinnen die M\u00f6glichkeit sich fokussieren zu k\u00f6nnen.<\/span><\/p>\n<\/div><\/section><\/div><\/div><!--close column table wrapper. Autoclose: 1 --><div class='flex_column_table av-equal-height-column-flextable -flextable' style='margin-top:0px; margin-bottom:15px; '><div class=\"flex_column av_one_half  flex_column_table_cell av-equal-height-column av-align-top av-zero-column-padding first  avia-builder-el-28  el_after_av_one_half  el_before_av_one_half  column-top-margin\" style='border-radius:0px; ' id=\"lightbluebox\" ><section class=\"av_textblock_section \"  itemscope=\"itemscope\" itemtype=\"https:\/\/schema.org\/CreativeWork\" ><div class='avia_textblock  '   itemprop=\"text\" ><p class=\"p1\"><span class=\"s1\"><b>Dankbarkeit<\/b><\/span><\/p>\n<p class=\"p1\"><span class=\"s1\">Denken Sie kurz nach f\u00fcr was Sie alles dankbar sein k\u00f6nnen. Dankbarkeit ist eines der m\u00e4chtigsten Gef\u00fchle. Schreiben Sie einmal auf f\u00fcr was sie dankbar sein k\u00f6nnen vor allem auch die kleinen Dinge oder Dinge, die f\u00fcr sie schon selbstverst\u00e4ndlich sind.<span class=\"Apple-converted-space\">\u00a0<\/span><\/span><\/p>\n<\/div><\/section><\/div><div class='av-flex-placeholder'><\/div><div class=\"flex_column av_one_half  flex_column_table_cell av-equal-height-column av-align-top av-zero-column-padding   avia-builder-el-30  el_after_av_one_half  el_before_av_one_half  column-top-margin\" style='border-radius:0px; ' id=\"bluebox\" ><section class=\"av_textblock_section \"  itemscope=\"itemscope\" itemtype=\"https:\/\/schema.org\/CreativeWork\" ><div class='avia_textblock  '   itemprop=\"text\" ><p class=\"p1\"><span class=\"s1\"><b>Gutes Tun<\/b><\/span><\/p>\n<p class=\"p1\"><span class=\"s1\">Schenken Sie jemandem ein L\u00e4cheln und er l\u00e4chelt zur\u00fcck. Halten Sie die T\u00fcr auf, loben Sie eine gute Tat, bedanken Sie sich beim M\u00fcllmann, w\u00fcnschen Sie der Kassiererin einen sch\u00f6nen Tag, verschicken Sie einen Smilie. Erwarten Sie keine Gegenleistung. Handeln Sie aus Ihrem Herzen herraus, einfach so. Es gibt so viele Wege anderen eine Freude zu machen. Es sind diese kleinen Dinge, die das Leben lebenswert machen.<\/span><\/p>\n<\/div><\/section><\/div><\/div><!--close column table wrapper. Autoclose: 1 --><div class='flex_column_table av-equal-height-column-flextable -flextable' style='margin-top:0px; margin-bottom:15px; '><div class=\"flex_column av_one_half  flex_column_table_cell av-equal-height-column av-align-top av-zero-column-padding first  avia-builder-el-32  el_after_av_one_half  el_before_av_one_half  column-top-margin\" style='border-radius:0px; ' id=\"greyborderbox\" ><section class=\"av_textblock_section \"  itemscope=\"itemscope\" itemtype=\"https:\/\/schema.org\/CreativeWork\" ><div class='avia_textblock  '   itemprop=\"text\" ><p class=\"p1\"><span class=\"s1\"><b>Stille geniessen<\/b><\/span><\/p>\n<p class=\"p1\"><span class=\"s1\">Ich gebe zu dies geh\u00f6rt zu den K\u00f6nigsdisziplinen. Denn erst wenn Sie mit sich selbst im Einklang sind oder sich auf den Weg dorthin begeben k\u00f6nnen Sie die Zeit mit sich selbst genie\u00dfen.<\/span><\/p>\n<\/div><\/section><\/div><div class='av-flex-placeholder'><\/div><div class=\"flex_column av_one_half  flex_column_table_cell av-equal-height-column av-align-top av-zero-column-padding   avia-builder-el-34  el_after_av_one_half  el_before_av_one_half  column-top-margin\" style='border-radius:0px; ' id=\"lightbluebox\" ><section class=\"av_textblock_section \"  itemscope=\"itemscope\" itemtype=\"https:\/\/schema.org\/CreativeWork\" ><div class='avia_textblock  '   itemprop=\"text\" ><p class=\"p1\"><span class=\"s1\"><b>Negatives akzeptieren<\/b><\/span><\/p>\n<p class=\"p1\"><span class=\"s1\">K\u00e4mpfen Sie nicht gegen Dinge an, die Sie nicht \u00e4ndern k\u00f6nnen. Es raubt Ihnen unn\u00f6tig Kraft und Energie &#8211; Fokussieren Sie sich auf sich selbst und Ihre St\u00e4rken.<\/span><\/p>\n<\/div><\/section><\/div><\/div><!--close column table wrapper. Autoclose: 1 --><div class='flex_column_table av-equal-height-column-flextable -flextable' style='margin-top:0px; margin-bottom:15px; '><div class=\"flex_column av_one_half  flex_column_table_cell av-equal-height-column av-align-top av-zero-column-padding first  avia-builder-el-36  el_after_av_one_half  el_before_av_one_half  column-top-margin\" style='border-radius:0px; ' id=\"bluebox\" ><section class=\"av_textblock_section \"  itemscope=\"itemscope\" itemtype=\"https:\/\/schema.org\/CreativeWork\" ><div class='avia_textblock  '   itemprop=\"text\" ><p class=\"p1\"><span class=\"s1\"><b>Sie selbst sein<\/b><\/span><\/p>\n<p class=\"p1\"><span class=\"s1\">Sie sind einmalig, wundervoll und im Original noch viel besser als die Kopie eines Anderen. Denn nur Sie haben die F\u00e4higkeiten, die Sie haben und kein Anderer.<\/span><\/p>\n<\/div><\/section><\/div><div class='av-flex-placeholder'><\/div><div class=\"flex_column av_one_half  flex_column_table_cell av-equal-height-column av-align-top av-zero-column-padding   avia-builder-el-38  el_after_av_one_half  el_before_av_one_full  column-top-margin\" style='border-radius:0px; ' id=\"blueborderbox\" ><section class=\"av_textblock_section \"  itemscope=\"itemscope\" itemtype=\"https:\/\/schema.org\/CreativeWork\" ><div class='avia_textblock  '   itemprop=\"text\" ><p class=\"p1\"><span class=\"s1\"><b>Vergangenheit loslassen<\/b><\/span><\/p>\n<p class=\"p1\"><span class=\"s1\">Durch st\u00e4ndiges Wiederholen von Vergangenem ver\u00e4ndert sich nichts. Auch wenn viel Negatives hinter Ihnen liegt: Es ist vorbei. Planen Sie Ihre Zukunft &#8211; Malen sie sich aus was Sie alles erreichen k\u00f6nnen: \u201eIch werde einen wundervollen Job haben.\u201c<\/span><\/p>\n<\/div><\/section><\/div><\/div><!--close column table wrapper. Autoclose: 1 --><div class=\"flex_column av_one_full  flex_column_div av-zero-column-padding first  avia-builder-el-40  el_after_av_one_half  avia-builder-el-last  column-top-margin\" style='margin-top:0px; margin-bottom:0px; border-radius:0px; ' id=\"blueborderbox\" ><section class=\"av_textblock_section \"  itemscope=\"itemscope\" itemtype=\"https:\/\/schema.org\/CreativeWork\" ><div class='avia_textblock  '   itemprop=\"text\" ><p class=\"p1\" style=\"text-align: center;\"><span class=\"s1\"><b>Machen Sie sich bewusst, dass das was Sie tun nicht f\u00fcr andere ist.<span class=\"Apple-converted-space\">\u00a0<\/span><\/b><\/span><\/p>\n<p class=\"p1\" style=\"text-align: center;\"><span class=\"s1\">Sondern ausschlie\u00dflich f\u00fcr Sie selbst.<br \/>\nSelbst eine Krankenschwester, die sich jeden Tag um die Gesundheit anderer k\u00fcmmert tut dies, weil es Ihr selbst dadurch besser geht.<\/span><\/p>\n<\/div><\/section><\/div>\n\n","protected":false},"excerpt":{"rendered":"","protected":false},"author":1,"featured_media":0,"parent":0,"menu_order":0,"comment_status":"closed","ping_status":"closed","template":"","meta":{"footnotes":""},"class_list":["post-256","page","type-page","status-publish","hentry"],"_links":{"self":[{"href":"https:\/\/broelz-burnout-beratung.de\/index.php\/wp-json\/wp\/v2\/pages\/256","targetHints":{"allow":["GET"]}}],"collection":[{"href":"https:\/\/broelz-burnout-beratung.de\/index.php\/wp-json\/wp\/v2\/pages"}],"about":[{"href":"https:\/\/broelz-burnout-beratung.de\/index.php\/wp-json\/wp\/v2\/types\/page"}],"author":[{"embeddable":true,"href":"https:\/\/broelz-burnout-beratung.de\/index.php\/wp-json\/wp\/v2\/users\/1"}],"replies":[{"embeddable":true,"href":"https:\/\/broelz-burnout-beratung.de\/index.php\/wp-json\/wp\/v2\/comments?post=256"}],"version-history":[{"count":18,"href":"https:\/\/broelz-burnout-beratung.de\/index.php\/wp-json\/wp\/v2\/pages\/256\/revisions"}],"predecessor-version":[{"id":987,"href":"https:\/\/broelz-burnout-beratung.de\/index.php\/wp-json\/wp\/v2\/pages\/256\/revisions\/987"}],"wp:attachment":[{"href":"https:\/\/broelz-burnout-beratung.de\/index.php\/wp-json\/wp\/v2\/media?parent=256"}],"curies":[{"name":"wp","href":"https:\/\/api.w.org\/{rel}","templated":true}]}}