{"id":251,"date":"2021-02-23T10:16:05","date_gmt":"2021-02-23T09:16:05","guid":{"rendered":"https:\/\/broelz-burnout-beratung.de\/?page_id=251"},"modified":"2021-03-03T15:01:18","modified_gmt":"2021-03-03T14:01:18","slug":"ueber-mich","status":"publish","type":"page","link":"https:\/\/broelz-burnout-beratung.de\/index.php\/ueber-mich\/","title":{"rendered":"\u00dcber Mich"},"content":{"rendered":"<div id='av_section_1'  class='avia-section main_color avia-section-default avia-no-border-styling  av-parallax-section avia-bg-style-parallax  avia-builder-el-0  el_before_av_section  avia-builder-el-first   av-minimum-height av-minimum-height-75  container_wrap fullsize' style=' '  data-section-bg-repeat='no-repeat' data-av_minimum_height_pc='75'><div class='av-parallax' data-avia-parallax-ratio='0.3' ><div class='av-parallax-inner main_color  avia-full-stretch' style = 'background-repeat: no-repeat; background-image: url(https:\/\/broelz-burnout-beratung.de\/wp-content\/uploads\/2021\/03\/Carola-Bro\u0308lz-Burnout-Beratung-Portrait-Carola-Bro\u0308lz.jpg);background-attachment: scroll; background-position: center center; ' ><\/div><\/div><div class='container' ><main  role=\"main\" itemprop=\"mainContentOfPage\"  class='template-page content  av-content-full alpha units'><div class='post-entry post-entry-type-page post-entry-251'><div class='entry-content-wrapper clearfix'>\n<div class=\"flex_column av_one_full  flex_column_div av-zero-column-padding first  avia-builder-el-1  avia-builder-el-no-sibling  \" style='border-radius:0px; '><div  class='avia-image-container  av-styling-    avia-builder-el-2  avia-builder-el-no-sibling  avia-align-center '  itemprop=\"image\" itemscope=\"itemscope\" itemtype=\"https:\/\/schema.org\/ImageObject\"  ><div class='avia-image-container-inner'><div class='avia-image-overlay-wrap'><img decoding=\"async\" class='wp-image-784 avia-img-lazy-loading-not-784 avia_image' src=\"https:\/\/broelz-burnout-beratung.de\/wp-content\/uploads\/2021\/02\/Burnout-Beratung-Broelz-ueber-mich.svg\" alt='' title='Burnout Beratung Broelz - ueber mich' height=\"300\" width=\"300\"  itemprop=\"thumbnailUrl\" srcset=\"https:\/\/broelz-burnout-beratung.de\/wp-content\/uploads\/\/2021\/02\/Burnout-Beratung-Broelz-ueber-mich.svg 150w, https:\/\/broelz-burnout-beratung.de\/wp-content\/uploads\/\/2021\/02\/Burnout-Beratung-Broelz-ueber-mich.svg 300w, https:\/\/broelz-burnout-beratung.de\/wp-content\/uploads\/\/2021\/02\/Burnout-Beratung-Broelz-ueber-mich.svg 1024w\" sizes=\"(max-width: 300px) 100vw, 300px\" \/><\/div><\/div><\/div><\/div>\n\n<\/div><\/div><\/main><!-- close content main element --><\/div><\/div><div id='av_section_2'  class='avia-section main_color avia-section-large avia-no-border-styling  avia-bg-style-scroll  avia-builder-el-3  el_after_av_section  el_before_av_section   container_wrap fullsize' style=' '  ><div class='container' ><div class='template-page content  av-content-full alpha units'><div class='post-entry post-entry-type-page post-entry-251'><div class='entry-content-wrapper clearfix'>\n<div class=\"flex_column av_one_full  flex_column_div av-zero-column-padding first  avia-builder-el-4  avia-builder-el-no-sibling  \" style='border-radius:0px; '><p><div  class='avia-image-container  av-styling-    avia-builder-el-5  el_before_av_hr  avia-builder-el-first  avia-align-center '  itemprop=\"image\" itemscope=\"itemscope\" itemtype=\"https:\/\/schema.org\/ImageObject\"  ><div class='avia-image-container-inner'><div class='avia-image-overlay-wrap'><img decoding=\"async\" class='wp-image-774 avia-img-lazy-loading-not-774 avia_image' src=\"https:\/\/broelz-burnout-beratung.de\/wp-content\/uploads\/2021\/02\/Burnout-Beratung-Broelz-Carola-Broelz-Blau-mittig-1.svg\" alt='' title='Burnout Beratung Broelz - Carola Br\u00f6lz Blau mittig' height=\"300\" width=\"300\"  itemprop=\"thumbnailUrl\" srcset=\"https:\/\/broelz-burnout-beratung.de\/wp-content\/uploads\/\/2021\/02\/Burnout-Beratung-Broelz-Carola-Broelz-Blau-mittig-1.svg 150w, https:\/\/broelz-burnout-beratung.de\/wp-content\/uploads\/\/2021\/02\/Burnout-Beratung-Broelz-Carola-Broelz-Blau-mittig-1.svg 300w, https:\/\/broelz-burnout-beratung.de\/wp-content\/uploads\/\/2021\/02\/Burnout-Beratung-Broelz-Carola-Broelz-Blau-mittig-1.svg 1024w\" sizes=\"(max-width: 300px) 100vw, 300px\" \/><\/div><\/div><\/div><br \/>\n<div  style='height:1px' class='hr hr-invisible   avia-builder-el-6  el_after_av_image  el_before_av_textblock '><span class='hr-inner ' ><span class='hr-inner-style'><\/span><\/span><\/div><br \/>\n<section class=\"av_textblock_section \"  itemscope=\"itemscope\" itemtype=\"https:\/\/schema.org\/CreativeWork\" ><div class='avia_textblock  '   itemprop=\"text\" ><p class=\"p1\"><span class=\"s1\">Durch meine langj\u00e4hrige Erfahrung als Therapeutin habe ich oft hinter die Kulissen schauen d\u00fcrfen, viele Lebensgeschichten erfahren, welches Leid erlebt wurde, aber auch wie diese Menschen wieder aus ihrem Tief heraus kamen. Dabei haben kleine Denkanst\u00f6\u00dfe viel bewegt. Dinge aus einer anderen Perspektive zu sehen, kann so viel Ver\u00e4nderung bewirken. Als Ergotherapeut arbeite ich gern Alltagsnah mit realen Situationen, insofern liegt mir die praktische Arbeit besonders.<\/span><\/p>\n<\/div><\/section><br \/>\n<div  style='height:1px; margin-top:-50px'  class='hr hr-invisible   avia-builder-el-8  el_after_av_textblock  avia-builder-el-last '><span class='hr-inner ' ><span class='hr-inner-style'><\/span><\/span><\/div><\/p><\/div>\n\n<\/div><\/div><\/div><!-- close content main div --><\/div><\/div><div id='100'  class='avia-section main_color avia-section-default avia-no-border-styling  avia-full-stretch avia-bg-style-scroll  avia-builder-el-9  el_after_av_section  el_before_av_section   container_wrap fullsize' style='background-repeat: no-repeat; background-image: url(https:\/\/broelz-burnout-beratung.de\/wp-content\/uploads\/2021\/02\/Burnout-Beratung-Broelz-Hintergrund-graue-Linien-2.svg);background-attachment: scroll; background-position: top center;  margin-top:0px; margin-bottom:0px; '  data-section-bg-repeat='stretch'><div class='container' ><div class='template-page content  av-content-full alpha units'><div class='post-entry post-entry-type-page post-entry-251'><div class='entry-content-wrapper clearfix'>\n<\/div><\/div><\/div><!-- close content main div --><\/div><\/div><div id='av_section_4'  class='avia-section main_color avia-section-large avia-no-border-styling  avia-bg-style-scroll  avia-builder-el-10  el_after_av_section  el_before_av_section   container_wrap fullsize' style='background-color: #1c3250;  '  ><div class='container' ><div class='template-page content  av-content-full alpha units'><div class='post-entry post-entry-type-page post-entry-251'><div class='entry-content-wrapper clearfix'>\n<div class=\"flex_column av_one_full  flex_column_div av-zero-column-padding first  avia-builder-el-11  avia-builder-el-no-sibling  \" style='border-radius:0px; '><p><div  style='padding-bottom:10px; color:#ffffff;' class='av-special-heading av-special-heading-h2 custom-color-heading blockquote modern-quote modern-centered  avia-builder-el-12  el_before_av_textblock  avia-builder-el-first  '><h2 class='av-special-heading-tag '  itemprop=\"headline\"  >Erfahrungen<\/h2><div class='special-heading-border'><div class='special-heading-inner-border' style='border-color:#ffffff'><\/div><\/div><\/div><br \/>\n<section class=\"av_textblock_section \"  itemscope=\"itemscope\" itemtype=\"https:\/\/schema.org\/CreativeWork\" ><div class='avia_textblock  av_inherit_color '  style='color:#ffffff; '  itemprop=\"text\" ><p class=\"p1\"><span class=\"s1\">Durch eigene Erfahrungen durfte ich erleben, dass die dunkelste Zeit im Leben das meiste Potential bieten kann, sobald man bereit f\u00fcr Ver\u00e4nderung ist und altes hinter sich lassen kann. Dadurch kann ich nachvollziehen wie es ist wenn man in einer Situation fest steckt und alleine keinen Ausweg mehr findet.<span class=\"Apple-converted-space\">\u00a0<\/span><\/span><\/p>\n<p class=\"p1\"><span class=\"s1\">Mir ist wichtig, dass Sie sich bei mir in guten H\u00e4nden f\u00fchlen. Dass Sie das Gef\u00fchl haben mir vertrauen zu k\u00f6nnen. Gegenseitiger Respekt ist die Basis und absolute Verschwiegenheit f\u00fcr mich eine Selbstverst\u00e4ndlichkeit. Voraussetzung f\u00fcr einen erfolgreichen Weg ist die Bereitschaft zur Ver\u00e4nderung, dies werden sie durchaus in den ersten Sitzungen feststellen. Aufgaben die Sie zu Hause umsetzen sollen ist f\u00fcr mich selbstverst\u00e4ndlich, und das sollte es f\u00fcr sie auch sein. Lassen Sie sich helfen. Besser heute als morgen. Die beste Form der Therapie ist und bleibt die Pr\u00e4vention. Je fr\u00fcher eine Gef\u00e4hrdung f\u00fcr das Burnout-Syndrom erkannt wird, desto besser und kurzweiliger sind auch die M\u00f6glichkeit zur Heilung.<\/span><\/p>\n<\/div><\/section><\/p><\/div>\n\n<\/div><\/div><\/div><!-- close content main div --><\/div><\/div><div id='av_section_5'  class='avia-section main_color avia-section-large avia-no-border-styling  avia-bg-style-scroll  avia-builder-el-14  el_after_av_section  avia-builder-el-last   container_wrap fullsize' style=' '  ><div class='container' ><div class='template-page content  av-content-full alpha units'><div class='post-entry post-entry-type-page post-entry-251'><div class='entry-content-wrapper clearfix'>\n<div class=\"flex_column av_one_full  flex_column_div av-zero-column-padding first  avia-builder-el-15  el_before_av_one_third  avia-builder-el-first  \" style='border-radius:0px; '><div  style='padding-bottom:10px; ' class='av-special-heading av-special-heading-h2  blockquote modern-quote modern-centered  avia-builder-el-16  avia-builder-el-no-sibling  '><h2 class='av-special-heading-tag '  itemprop=\"headline\"  >Meine Weiterbildungen<\/h2><div class='special-heading-border'><div class='special-heading-inner-border' ><\/div><\/div><\/div><\/div><div class=\"flex_column av_one_third  flex_column_div av-zero-column-padding first  avia-builder-el-17  el_after_av_one_full  el_before_av_one_third  column-top-margin\" style='border-radius:0px; '><article  class=\"iconbox iconbox_top av-no-box   avia-builder-el-18  avia-builder-el-no-sibling  \"  itemscope=\"itemscope\" itemtype=\"https:\/\/schema.org\/CreativeWork\" ><div class=\"iconbox_content\"><header class=\"entry-content-header\"><div class=\"iconbox_icon heading-color\" aria-hidden='true' data-av_icon='\ue807' data-av_iconfont='fontello'  ><\/div><\/header><div class='iconbox_content_container  '  itemprop=\"text\"  ><p class=\"p1\" style=\"text-align: center;\"><span class=\"s1\">Ausbildung zum Burnout Berater<br \/>\nInstitut BIEK<\/span><\/p>\n<\/div><\/div><footer class=\"entry-footer\"><\/footer><\/article><\/div><div class=\"flex_column av_one_third  flex_column_div av-zero-column-padding   avia-builder-el-19  el_after_av_one_third  el_before_av_one_third  column-top-margin\" style='border-radius:0px; '><article  class=\"iconbox iconbox_top av-no-box   avia-builder-el-20  avia-builder-el-no-sibling  \"  itemscope=\"itemscope\" itemtype=\"https:\/\/schema.org\/CreativeWork\" ><div class=\"iconbox_content\"><header class=\"entry-content-header\"><div class=\"iconbox_icon heading-color\" aria-hidden='true' data-av_icon='\ue806' data-av_iconfont='fontello'  ><\/div><\/header><div class='iconbox_content_container  '  itemprop=\"text\"  ><p class=\"p1\"><span class=\"s1\">Ausbildung Stressmanagement<br \/>\nPositiver Umgang mit Stress<\/span><\/p>\n<\/div><\/div><footer class=\"entry-footer\"><\/footer><\/article><\/div><div class=\"flex_column av_one_third  flex_column_div av-zero-column-padding   avia-builder-el-21  el_after_av_one_third  avia-builder-el-last  column-top-margin\" style='border-radius:0px; '><article  class=\"iconbox iconbox_top av-no-box   avia-builder-el-22  avia-builder-el-no-sibling  \"  itemscope=\"itemscope\" itemtype=\"https:\/\/schema.org\/CreativeWork\" ><div class=\"iconbox_content\"><header class=\"entry-content-header\"><div class=\"iconbox_icon heading-color\" aria-hidden='true' data-av_icon='\ue80a' data-av_iconfont='fontello'  ><\/div><\/header><div class='iconbox_content_container  '  itemprop=\"text\"  ><p class=\"p1\" style=\"text-align: center;\"><span class=\"s1\">20 Jahre<br \/>\nTherapeutische Erfahrung<\/span><\/p>\n<\/div><\/div><footer class=\"entry-footer\"><\/footer><\/article><\/div>\n\n","protected":false},"excerpt":{"rendered":"","protected":false},"author":1,"featured_media":0,"parent":0,"menu_order":0,"comment_status":"closed","ping_status":"closed","template":"","meta":{"footnotes":""},"class_list":["post-251","page","type-page","status-publish","hentry"],"_links":{"self":[{"href":"https:\/\/broelz-burnout-beratung.de\/index.php\/wp-json\/wp\/v2\/pages\/251","targetHints":{"allow":["GET"]}}],"collection":[{"href":"https:\/\/broelz-burnout-beratung.de\/index.php\/wp-json\/wp\/v2\/pages"}],"about":[{"href":"https:\/\/broelz-burnout-beratung.de\/index.php\/wp-json\/wp\/v2\/types\/page"}],"author":[{"embeddable":true,"href":"https:\/\/broelz-burnout-beratung.de\/index.php\/wp-json\/wp\/v2\/users\/1"}],"replies":[{"embeddable":true,"href":"https:\/\/broelz-burnout-beratung.de\/index.php\/wp-json\/wp\/v2\/comments?post=251"}],"version-history":[{"count":15,"href":"https:\/\/broelz-burnout-beratung.de\/index.php\/wp-json\/wp\/v2\/pages\/251\/revisions"}],"predecessor-version":[{"id":988,"href":"https:\/\/broelz-burnout-beratung.de\/index.php\/wp-json\/wp\/v2\/pages\/251\/revisions\/988"}],"wp:attachment":[{"href":"https:\/\/broelz-burnout-beratung.de\/index.php\/wp-json\/wp\/v2\/media?parent=251"}],"curies":[{"name":"wp","href":"https:\/\/api.w.org\/{rel}","templated":true}]}}