{"id":228,"date":"2021-02-22T16:30:48","date_gmt":"2021-02-22T15:30:48","guid":{"rendered":"https:\/\/broelz-burnout-beratung.de\/?page_id=228"},"modified":"2021-03-05T11:27:05","modified_gmt":"2021-03-05T10:27:05","slug":"burnout-beratung","status":"publish","type":"page","link":"https:\/\/broelz-burnout-beratung.de\/index.php\/burnout-beratung\/","title":{"rendered":"Burnout Beratung"},"content":{"rendered":"<div id='av_section_1'  class='avia-section main_color avia-section-default avia-no-border-styling  av-parallax-section avia-bg-style-parallax  avia-builder-el-0  el_before_av_fullscreen  avia-builder-el-first   av-mini-hide av-minimum-height av-minimum-height-75  container_wrap fullsize' style=' '  data-section-bg-repeat='no-repeat' data-av_minimum_height_pc='75'><div class='av-parallax' data-avia-parallax-ratio='0.3' ><div class='av-parallax-inner main_color  avia-full-stretch' style = 'background-repeat: no-repeat; background-image: url(https:\/\/broelz-burnout-beratung.de\/wp-content\/uploads\/2021\/03\/Carola-Bro\u0308lz-Burnout-Beratung-Beratungssituation-2.jpg);background-attachment: scroll; background-position: top center; ' ><\/div><\/div><div class='container' ><main  role=\"main\" itemprop=\"mainContentOfPage\"  class='template-page content  av-content-full alpha units'><div class='post-entry post-entry-type-page post-entry-228'><div class='entry-content-wrapper clearfix'>\n<div class=\"flex_column av_one_full  flex_column_div av-zero-column-padding first  avia-builder-el-1  avia-builder-el-no-sibling  \" style='border-radius:0px; '><div  style='padding-bottom:10px; ' class='av-special-heading av-special-heading-h1  blockquote modern-quote modern-centered  avia-builder-el-2  avia-builder-el-no-sibling  white_font '><h1 class='av-special-heading-tag '  itemprop=\"headline\"  >Burnout Beratung<\/h1><div class='special-heading-border'><div class='special-heading-inner-border' ><\/div><\/div><\/div><\/div>\n\n<\/div><\/div><\/main><!-- close content main element --><\/div><\/div><div id='fullscreen_slider_1'  class='avia-fullscreen-slider main_color  av-desktop-hide av-medium-hide av-small-hide  avia-builder-el-3  el_after_av_section  el_before_av_section  slider  slider-not-first container_wrap fullsize' style=' '  ><div   data-size='no scaling'  data-lightbox_size='large'  data-animation='slide'  data-conditional_play=''  data-ids='972'  data-video_counter='0'  data-autoplay='false'  data-bg_slider='true'  data-slide_height='100'  data-handle='av_fullscreen'  data-interval='5'  data-class=' '  data-el_id=''  data-css_id='fullscreen_slider_1'  data-scroll_down=''  data-control_layout='av-control-default'  data-custom_markup=''  data-perma_caption=''  data-autoplay_stopper=''  data-image_attachment=''  data-min_height='0px'  data-lazy_loading='disabled'  data-stretch=''  class='avia-slideshow avia-slideshow-1  av-control-default av-default-height-applied avia-slideshow-no scaling av_fullscreen   avia-slide-slider '  itemprop=\"image\" itemscope=\"itemscope\" itemtype=\"https:\/\/schema.org\/ImageObject\" ><ul class='avia-slideshow-inner ' style='padding-bottom: 66.65%;' ><li style='background-position:center center;' data-img-url='https:\/\/broelz-burnout-beratung.de\/wp-content\/uploads\/2021\/03\/Carola-Bro\u0308lz-Burnout-Beratung-Beratungssituation-2.jpg' class=' av-single-slide slide-1 ' ><div data-rel='slideshow-1' class='avia-slide-wrap '   ><div class = \"caption_fullwidth av-slideshow-caption caption_center\"><div class = \"container caption_container\"><div class = \"slideshow_caption\"><div class = \"slideshow_inner_caption\"><div class = \"slideshow_align_caption\"><h2  style='font-size:34px; ' class='avia-caption-title   av-mini-font-size-overwrite av-mini-font-size-34'  itemprop=\"name\" >Burnout Beratung<\/h2><\/div><\/div><\/div><\/div><\/div><\/div><\/li><\/ul><\/div><\/div>\n<div id='av_section_2'  class='avia-section main_color avia-section-large avia-no-border-styling  avia-bg-style-scroll  avia-builder-el-4  el_after_av_fullscreen  el_before_av_section   container_wrap fullsize' style=' '  ><div class='container' ><div class='template-page content  av-content-full alpha units'><div class='post-entry post-entry-type-page post-entry-228'><div class='entry-content-wrapper clearfix'>\n<div class=\"flex_column av_one_full  flex_column_div av-zero-column-padding first  avia-builder-el-5  el_before_av_one_half  avia-builder-el-first  \" style='border-radius:0px; '><div  style='padding-bottom:10px; ' class='av-special-heading av-special-heading-h2  blockquote modern-quote modern-centered  avia-builder-el-6  avia-builder-el-no-sibling  '><h2 class='av-special-heading-tag '  itemprop=\"headline\"  >Therapieverlauf<\/h2><div class ='av-subheading av-subheading_below  ' style='font-size:15px;'><p>Zu einer ku\u0308nftigen aktiven Stressbew\u00e4ltigung geh\u00f6rt:<\/p>\n<\/div><div class='special-heading-border'><div class='special-heading-inner-border' ><\/div><\/div><\/div><\/div><div class=\"flex_column av_one_half  flex_column_div av-zero-column-padding first  avia-builder-el-7  el_after_av_one_full  el_before_av_one_half  column-top-margin\" style='border-radius:0px; '><section class=\"av_textblock_section \"  itemscope=\"itemscope\" itemtype=\"https:\/\/schema.org\/CreativeWork\" ><div class='avia_textblock  '   itemprop=\"text\" ><p class=\"p1\"><span class=\"s1\">&#8211; Analyse der pers\u00f6nlichen Ausgangssituation<\/span><\/p>\n<p class=\"p1\"><span class=\"s1\">&#8211; Kennenlernen verschiedener Methoden der Stressbew\u00e4ltigung<\/span><\/p>\n<p class=\"p1\"><span class=\"s1\">&#8211; Entwicklung eines pers\u00f6nlichen Antistressprogramms<\/span><\/p>\n<p class=\"p1\"><span class=\"s1\">&#8211; Zeitmanagement<\/span><\/p>\n<p class=\"p1\"><span class=\"s1\">&#8211; Laufende \u00dcberpr\u00fcfung der Wirksamkeit der Methoden<span class=\"Apple-converted-space\">\u00a0<\/span><\/span><\/p>\n<p class=\"p1\"><span class=\"s1\">&#8211; Ern\u00e4hrung und Sport<\/span><\/p>\n<\/div><\/section><\/div><div class=\"flex_column av_one_half  flex_column_div av-zero-column-padding   avia-builder-el-9  el_after_av_one_half  avia-builder-el-last  column-top-margin\" style='border-radius:0px; '><section class=\"av_textblock_section \"  itemscope=\"itemscope\" itemtype=\"https:\/\/schema.org\/CreativeWork\" ><div class='avia_textblock  '   itemprop=\"text\" ><p class=\"p1\"><span class=\"s1\">&#8211; Einstellung- und Verhaltens\u00e4nderung<\/span><\/p>\n<p class=\"p1\"><span class=\"s1\">&#8211; Schaffen von Zufriedenheitserlebnissen<\/span><\/p>\n<p class=\"p1\"><span class=\"s1\">&#8211; Pflege sozialer Kontakte<\/span><\/p>\n<p class=\"p1\"><span class=\"s1\">&#8211; Entspannung<\/span><\/p>\n<p class=\"p1\"><span class=\"s1\">&#8211; Einsatz von Ma\u00dfnahmen in konkreten Situationen<\/span><\/p>\n<p class=\"p1\"><span class=\"s1\">&#8211; Methoden zur langfristigen Stressbew\u00e4ltigung<\/span><\/p>\n<\/div><\/section><\/div>\n\n<\/div><\/div><\/div><!-- close content main div --><\/div><\/div><div id='av_section_3'  class='avia-section main_color avia-section-large avia-no-border-styling  avia-bg-style-scroll  avia-builder-el-11  el_after_av_section  el_before_av_section   container_wrap fullsize' style='background-color: #1c3250;  '  ><div class='container' ><div class='template-page content  av-content-full alpha units'><div class='post-entry post-entry-type-page post-entry-228'><div class='entry-content-wrapper clearfix'>\n<div class=\"flex_column av_one_full  flex_column_div av-zero-column-padding first  avia-builder-el-12  avia-builder-el-no-sibling  \" style='border-radius:0px; '><section class=\"av_textblock_section \"  itemscope=\"itemscope\" itemtype=\"https:\/\/schema.org\/CreativeWork\" ><div class='avia_textblock  av_inherit_color '  style='color:#ffffff; '  itemprop=\"text\" ><p class=\"p1\" style=\"text-align: center;\"><span class=\"s1\">Grunds\u00e4tzlich gilt die Ursache des Burnouts zu finden und nicht deren Symptome. Die Aufgabe ist es die wahren Gr\u00fcnde zu erkennen und diese anzugehen. Man muss verstehen, was einen dazu veranlasst hat es soweit kommen zu lassen sich v\u00f6llig zu \u00fcberfordern.<\/span><\/p>\n<\/div><\/section><br \/>\n<div  style='height:1px; margin-top:-50px'  class='hr hr-invisible   avia-builder-el-14  el_after_av_textblock  avia-builder-el-last '><span class='hr-inner ' ><span class='hr-inner-style'><\/span><\/span><\/div><\/p><\/div>\n\n<\/div><\/div><\/div><!-- close content main div --><\/div><\/div><div id='100'  class='avia-section main_color avia-section-default avia-no-border-styling  avia-full-stretch avia-bg-style-scroll  avia-builder-el-15  el_after_av_section  el_before_av_section   container_wrap fullsize' style='background-color: #1c3250; background-repeat: no-repeat; background-image: url(https:\/\/broelz-burnout-beratung.de\/wp-content\/uploads\/2021\/03\/Burnout-Beratung-Broelz-Hintergrund-weisse-Linien.svg);background-attachment: scroll; background-position: top center;  margin-top:0px; margin-bottom:0px; '  data-section-bg-repeat='stretch'><div class='container' ><div class='template-page content  av-content-full alpha units'><div class='post-entry post-entry-type-page post-entry-228'><div class='entry-content-wrapper clearfix'>\n<\/div><\/div><\/div><!-- close content main div --><\/div><\/div><div id='av_section_5'  class='avia-section main_color avia-section-large avia-no-border-styling  avia-bg-style-scroll  avia-builder-el-16  el_after_av_section  el_before_av_section   container_wrap fullsize' style=' '  ><div class='container' ><div class='template-page content  av-content-full alpha units'><div class='post-entry post-entry-type-page post-entry-228'><div class='entry-content-wrapper clearfix'>\n<div class=\"flex_column av_three_fifth  flex_column_div av-zero-column-padding first  avia-builder-el-17  el_before_av_two_fifth  avia-builder-el-first  \" style='border-radius:0px; '><p><div  style='padding-bottom:10px; ' class='av-special-heading av-special-heading-h2  blockquote modern-quote  avia-builder-el-18  el_before_av_textblock  avia-builder-el-first  '><h2 class='av-special-heading-tag '  itemprop=\"headline\"  >Beginn der Beratung<\/h2><div class='special-heading-border'><div class='special-heading-inner-border' ><\/div><\/div><\/div><br \/>\n<section class=\"av_textblock_section \"  itemscope=\"itemscope\" itemtype=\"https:\/\/schema.org\/CreativeWork\" ><div class='avia_textblock  '   itemprop=\"text\" ><p class=\"p1\"><span class=\"s1\">Zu Beginn ist eine genaue Analyse der pers\u00f6nlichen Ausgangssituation sehr wichtig f\u00fcr einen erfolgreichen Verlauf, um den Verlauf und Verbesserungen messen zu k\u00f6nnen. Man verwendet diese Tests gleich in den ersten Sitzungen, um sich so ein besseres Bild von Ursache, Wirkung, Pers\u00f6nlichkeit, Umweltfaktoren, etc. machen zu k\u00f6nnen.<\/span><\/p>\n<\/div><\/section><br \/>\n<div  style='padding-bottom:10px; ' class='av-special-heading av-special-heading-h2  blockquote modern-quote  avia-builder-el-20  el_after_av_textblock  el_before_av_iconlist  '><h2 class='av-special-heading-tag '  itemprop=\"headline\"  >Ziele<\/h2><div class='special-heading-border'><div class='special-heading-inner-border' ><\/div><\/div><\/div><br \/>\n<div  class='avia-icon-list-container   avia-builder-el-21  el_after_av_heading  avia-builder-el-last '><ul class='avia-icon-list avia-icon-list-left av-iconlist-small avia_animate_when_almost_visible avia-iconlist-animate'>\n<li><div  class='iconlist_icon  avia-font-entypo-fontello'><span class='iconlist-char ' aria-hidden='true' data-av_icon='\ue87d' data-av_iconfont='entypo-fontello'><\/span><\/div><article class=\"article-icon-entry av-iconlist-empty\"  itemscope=\"itemscope\" itemtype=\"https:\/\/schema.org\/CreativeWork\" ><div class='iconlist_content_wrap'><header class=\"entry-content-header\"><div class='av_iconlist_title iconlist_title_small   '  itemprop=\"headline\"  >Verbesserungen in der sozialen- und emotionalen Kompetenzen<\/div><\/header><div class='iconlist_content  '  itemprop=\"text\"  ><\/div><\/div><footer class=\"entry-footer\"><\/footer><\/article><div class='iconlist-timeline'><\/div><\/li>\n<li><div  class='iconlist_icon  avia-font-entypo-fontello'><span class='iconlist-char ' aria-hidden='true' data-av_icon='\ue87d' data-av_iconfont='entypo-fontello'><\/span><\/div><article class=\"article-icon-entry av-iconlist-empty\"  itemscope=\"itemscope\" itemtype=\"https:\/\/schema.org\/CreativeWork\" ><div class='iconlist_content_wrap'><header class=\"entry-content-header\"><div class='av_iconlist_title iconlist_title_small   '  itemprop=\"headline\"  >Verbesserungen in der Tagesstrukturierung<\/div><\/header><div class='iconlist_content  '  itemprop=\"text\"  ><\/div><\/div><footer class=\"entry-footer\"><\/footer><\/article><div class='iconlist-timeline'><\/div><\/li>\n<li><div  class='iconlist_icon  avia-font-entypo-fontello'><span class='iconlist-char ' aria-hidden='true' data-av_icon='\ue87d' data-av_iconfont='entypo-fontello'><\/span><\/div><article class=\"article-icon-entry av-iconlist-empty\"  itemscope=\"itemscope\" itemtype=\"https:\/\/schema.org\/CreativeWork\" ><div class='iconlist_content_wrap'><header class=\"entry-content-header\"><div class='av_iconlist_title iconlist_title_small   '  itemprop=\"headline\"  >Verbesserungen in der Beziehungsf\u00e4higkeit<\/div><\/header><div class='iconlist_content  '  itemprop=\"text\"  ><\/div><\/div><footer class=\"entry-footer\"><\/footer><\/article><div class='iconlist-timeline'><\/div><\/li>\n<li><div  class='iconlist_icon  avia-font-entypo-fontello'><span class='iconlist-char ' aria-hidden='true' data-av_icon='\ue87d' data-av_iconfont='entypo-fontello'><\/span><\/div><article class=\"article-icon-entry av-iconlist-empty\"  itemscope=\"itemscope\" itemtype=\"https:\/\/schema.org\/CreativeWork\" ><div class='iconlist_content_wrap'><header class=\"entry-content-header\"><div class='av_iconlist_title iconlist_title_small   '  itemprop=\"headline\"  >Verbesserungen der Belastungsf\u00e4higkeit<\/div><\/header><div class='iconlist_content  '  itemprop=\"text\"  ><\/div><\/div><footer class=\"entry-footer\"><\/footer><\/article><div class='iconlist-timeline'><\/div><\/li>\n<li><div  class='iconlist_icon  avia-font-entypo-fontello'><span class='iconlist-char ' aria-hidden='true' data-av_icon='\ue87d' data-av_iconfont='entypo-fontello'><\/span><\/div><article class=\"article-icon-entry av-iconlist-empty\"  itemscope=\"itemscope\" itemtype=\"https:\/\/schema.org\/CreativeWork\" ><div class='iconlist_content_wrap'><header class=\"entry-content-header\"><div class='av_iconlist_title iconlist_title_small   '  itemprop=\"headline\"  >Verbesserungen der bewussten Wahrnehmung<\/div><\/header><div class='iconlist_content  '  itemprop=\"text\"  ><\/div><\/div><footer class=\"entry-footer\"><\/footer><\/article><div class='iconlist-timeline'><\/div><\/li>\n<\/ul><\/div><\/p><\/div><div class=\"flex_column av_two_fifth  flex_column_div av-zero-column-padding   avia-builder-el-22  el_after_av_three_fifth  avia-builder-el-last  \" style='border-radius:0px; ' id=\"grey_box\" ><section class=\"av_textblock_section \"  itemscope=\"itemscope\" itemtype=\"https:\/\/schema.org\/CreativeWork\" ><div class='avia_textblock  '   itemprop=\"text\" ><p><strong>Testm\u00f6glichkeiten<\/strong><\/p>\n<p class=\"p1\"><span class=\"s1\">&#8211; BOSS (Burnout Sceening Scala)<\/span><\/p>\n<p class=\"p1\"><span class=\"s1\">&#8211; AVEM Testverfahren (Stress &#038; Beruf)<\/span><\/p>\n<p class=\"p1\"><span class=\"s1\">&#8211; Stressanalyse &#8211; Arbeitsplatzsituation<\/span><\/p>\n<p class=\"p1\"><span class=\"s1\">&#8211; Stressanalyse &#8211; Situation im Privatleben<\/span><\/p>\n<p class=\"p1\"><span class=\"s1\">&#8211; Aufsp\u00fcren k\u00f6rperlicher Beschwerden<\/span><\/p>\n<p class=\"p1\"><span class=\"s1\">&#8211; Stressverst\u00e4rkerprofil<\/span><\/p>\n<p class=\"p1\"><span class=\"s1\">&#8211; Stressversch\u00e4rfende Gedanken Test<\/span><\/p>\n<p class=\"p1\"><span class=\"s1\">&#8211; Checkliste Warnsignale f\u00fcr Stress<\/span><\/p>\n<\/div><\/section><\/div>\n\n<\/div><\/div><\/div><!-- close content main div --><\/div><\/div><div id='av_section_6'  class='avia-section alternate_color avia-section-large avia-no-border-styling  avia-bg-style-scroll  avia-builder-el-24  el_after_av_section  el_before_av_layout_row   container_wrap fullsize' style=' '  ><div class='container' ><div class='template-page content  av-content-full alpha units'><div class='post-entry post-entry-type-page post-entry-228'><div class='entry-content-wrapper clearfix'>\n<div class=\"flex_column av_one_full  flex_column_div av-zero-column-padding first  avia-builder-el-25  avia-builder-el-no-sibling  \" style='border-radius:0px; '><p><div  class='avia-image-container  av-styling-   av-small-hide av-mini-hide  avia-builder-el-26  el_before_av_image  avia-builder-el-first  avia-align-center '  itemprop=\"image\" itemscope=\"itemscope\" itemtype=\"https:\/\/schema.org\/ImageObject\"  ><div class='avia-image-container-inner'><div class='avia-image-overlay-wrap'><img decoding=\"async\" class='wp-image-959 avia-img-lazy-loading-not-959 avia_image' src=\"https:\/\/broelz-burnout-beratung.de\/wp-content\/uploads\/2021\/03\/Burnout-Beratung-Broelz-veraenderungen-und-loesungen.svg\" alt='' title='Burnout Beratung Broelz - veraenderungen und loesungen' height=\"1024\" width=\"1024\"  itemprop=\"thumbnailUrl\" srcset=\"https:\/\/broelz-burnout-beratung.de\/wp-content\/uploads\/\/2021\/03\/Burnout-Beratung-Broelz-veraenderungen-und-loesungen.svg 150w, https:\/\/broelz-burnout-beratung.de\/wp-content\/uploads\/\/2021\/03\/Burnout-Beratung-Broelz-veraenderungen-und-loesungen.svg 300w, https:\/\/broelz-burnout-beratung.de\/wp-content\/uploads\/\/2021\/03\/Burnout-Beratung-Broelz-veraenderungen-und-loesungen.svg 1024w\" sizes=\"(max-width: 1024px) 100vw, 1024px\" \/><\/div><\/div><\/div><br \/>\n<div  class='avia-image-container  av-styling-   av-desktop-hide av-medium-hide  avia-builder-el-27  el_after_av_image  el_before_av_textblock  avia-align-center '  itemprop=\"image\" itemscope=\"itemscope\" itemtype=\"https:\/\/schema.org\/ImageObject\"  ><div class='avia-image-container-inner'><div class='avia-image-overlay-wrap'><img decoding=\"async\" class='wp-image-960 avia-img-lazy-loading-not-960 avia_image' src=\"https:\/\/broelz-burnout-beratung.de\/wp-content\/uploads\/2021\/03\/Burnout-Beratung-Broelz-veraenderungen-und-loesungen2.svg\" alt='' title='Burnout Beratung Broelz - veraenderungen und loesungen2' height=\"300\" width=\"300\"  itemprop=\"thumbnailUrl\" srcset=\"https:\/\/broelz-burnout-beratung.de\/wp-content\/uploads\/\/2021\/03\/Burnout-Beratung-Broelz-veraenderungen-und-loesungen2.svg 150w, https:\/\/broelz-burnout-beratung.de\/wp-content\/uploads\/\/2021\/03\/Burnout-Beratung-Broelz-veraenderungen-und-loesungen2.svg 300w, https:\/\/broelz-burnout-beratung.de\/wp-content\/uploads\/\/2021\/03\/Burnout-Beratung-Broelz-veraenderungen-und-loesungen2.svg 1024w\" sizes=\"(max-width: 300px) 100vw, 300px\" \/><\/div><\/div><\/div><br \/>\n<section class=\"av_textblock_section \"  itemscope=\"itemscope\" itemtype=\"https:\/\/schema.org\/CreativeWork\" ><div class='avia_textblock  '   itemprop=\"text\" ><p class=\"p1\" style=\"text-align: center;\">Die Komfortzone verlassen, sich seinen \u00c4ngsten stellen und das gut Verdr\u00e4ngte zum Vorschein holen<\/p>\n<\/div><\/section><br \/>\n<div  style='height:15px' class='hr hr-invisible   avia-builder-el-29  el_after_av_textblock  el_before_av_textblock '><span class='hr-inner ' ><span class='hr-inner-style'><\/span><\/span><\/div><br \/>\n<section class=\"av_textblock_section \"  itemscope=\"itemscope\" itemtype=\"https:\/\/schema.org\/CreativeWork\" ><div class='avia_textblock  '   itemprop=\"text\" ><p class=\"p1\"><span class=\"s1\">Wenn man merkt, dass man so wie es ist nicht mehr weiter machen kann und die Batterien komplett leer sind, dann wird es h\u00f6chste Zeit f\u00fcr Ver\u00e4nderung. Das ist oft der Punkt, wenn sich das Karussell zu drehen beginnt. Man wei\u00df, es bedarf einer Ver\u00e4nderung, jedoch wei\u00df man nicht wie oder die Angst ist zu gro\u00df und bremst einen aus.<span class=\"Apple-converted-space\">\u00a0<\/span><\/span><\/p>\n<p class=\"p1\"><span class=\"s1\">Instinktiv wei\u00df man: Ohne Ver\u00e4nderung wird sich nichts \u00e4ndern. Sich mit der Problematik auseinandersetzen ist der erste elementare Schritt. Denn hier verl\u00e4sst man die Komfortzone &#8211; Die bequeme Couch auf der man sich zwar sicher gef\u00fchlt hat, jedoch zugleich unzufrieden mit sich und der Welt ist. Doch die gl\u00fcckliche selbstbestimmte Welt wartet auf den, der Mut hat diesen schwierigen Weg zu gehen.<\/span><\/p>\n<\/div><\/section><\/p><\/div>\n\n<\/div><\/div><\/div><!-- close content main div --><\/div><\/div><div id='av-layout-grid-1'  class='av-layout-grid-container entry-content-wrapper main_color av-flex-cells     avia-builder-el-31  el_after_av_section  avia-builder-el-last  submenu-not-first container_wrap fullsize' style=' '  >\n<div class=\"flex_cell no_margin av_one_fourth  avia-builder-el-32  el_before_av_cell_one_fourth  avia-builder-el-first   av-zero-padding \"  style='vertical-align:top; padding:0px; ' ><div class='flex_cell_inner' ><div  class='avia-image-container  av-styling-    avia-builder-el-33  avia-builder-el-no-sibling  avia-align-center '  itemprop=\"image\" itemscope=\"itemscope\" itemtype=\"https:\/\/schema.org\/ImageObject\"  ><div class='avia-image-container-inner'><div class='avia-image-overlay-wrap'><img decoding=\"async\" class='wp-image-1004 avia-img-lazy-loading-not-1004 avia_image' src=\"https:\/\/broelz-burnout-beratung.de\/wp-content\/uploads\/2021\/03\/ELA-2021-CBR-318.jpg\" alt='' title='Carola Br\u00f6lz' height=\"661\" width=\"600\"  itemprop=\"thumbnailUrl\" srcset=\"https:\/\/broelz-burnout-beratung.de\/wp-content\/uploads\/2021\/03\/ELA-2021-CBR-318.jpg 600w, https:\/\/broelz-burnout-beratung.de\/wp-content\/uploads\/2021\/03\/ELA-2021-CBR-318-272x300.jpg 272w\" sizes=\"(max-width: 600px) 100vw, 600px\" \/><\/div><\/div><\/div>\n<\/div><\/div><div class=\"flex_cell no_margin av_one_fourth  avia-builder-el-34  el_after_av_cell_one_fourth  el_before_av_cell_one_fourth   \"  style='vertical-align:middle; padding:30px; ' ><div class='flex_cell_inner' ><p><section class=\"av_textblock_section \"  itemscope=\"itemscope\" itemtype=\"https:\/\/schema.org\/CreativeWork\" ><div class='avia_textblock  '   itemprop=\"text\" ><p><strong>Methoden<\/strong><\/p>\n<p><span class=\"s1\">Erlernen Sie Entspannungs- und Achtsamkeitsmethoden zur Reduzierung Ihres Stresspegels.<\/span><\/p>\n<\/div><\/section><br \/>\n<div  class='avia-button-wrap avia-button-left  avia-builder-el-36  el_after_av_textblock  avia-builder-el-last ' ><a href='https:\/\/broelz-burnout-beratung.de\/index.php\/methoden\/'  class='avia-button  avia-color-theme-color   avia-icon_select-no avia-size-small avia-position-left '   ><span class='avia_iconbox_title' >Mehr erfahren<\/span><\/a><\/div><\/p>\n<\/div><\/div><div class=\"flex_cell no_margin av_one_fourth  avia-builder-el-37  el_after_av_cell_one_fourth  el_before_av_cell_one_fourth   av-zero-padding \"  style='vertical-align:top; padding:0px; ' ><div class='flex_cell_inner' ><div  class='avia-image-container  av-styling-    avia-builder-el-38  avia-builder-el-no-sibling  avia-align-center '  itemprop=\"image\" itemscope=\"itemscope\" itemtype=\"https:\/\/schema.org\/ImageObject\"  ><div class='avia-image-container-inner'><div class='avia-image-overlay-wrap'><img decoding=\"async\" class='wp-image-1005 avia-img-lazy-loading-not-1005 avia_image' src=\"https:\/\/broelz-burnout-beratung.de\/wp-content\/uploads\/2021\/03\/ELA-2021-CBR-322.jpg\" alt='' title='Carola Br\u00f6lz' height=\"661\" width=\"600\"  itemprop=\"thumbnailUrl\" srcset=\"https:\/\/broelz-burnout-beratung.de\/wp-content\/uploads\/2021\/03\/ELA-2021-CBR-322.jpg 600w, https:\/\/broelz-burnout-beratung.de\/wp-content\/uploads\/2021\/03\/ELA-2021-CBR-322-272x300.jpg 272w\" sizes=\"(max-width: 600px) 100vw, 600px\" \/><\/div><\/div><\/div>\n<\/div><\/div><div class=\"flex_cell no_margin av_one_fourth  avia-builder-el-39  el_after_av_cell_one_fourth  avia-builder-el-last   \"  style='vertical-align:middle; padding:30px; ' ><div class='flex_cell_inner' ><p><section class=\"av_textblock_section \"  itemscope=\"itemscope\" itemtype=\"https:\/\/schema.org\/CreativeWork\" ><div class='avia_textblock  '   itemprop=\"text\" ><p><strong>Ressourcen aktivieren<\/strong><\/p>\n<p class=\"p1\"><span class=\"s1\">Aktivieren Sie vergessene Ressourcen mit einfachen und alltagsnahen Tipss.<\/span><\/p>\n<\/div><\/section><br \/>\n<div  class='avia-button-wrap avia-button-left  avia-builder-el-41  el_after_av_textblock  avia-builder-el-last ' ><a href='https:\/\/broelz-burnout-beratung.de\/index.php\/ressourcen\/'  class='avia-button  avia-color-theme-color   avia-icon_select-no avia-size-small avia-position-left '   ><span class='avia_iconbox_title' >Mehr erfahren<\/span><\/a><\/div><\/p>\n<\/div><\/div><\/div>\n","protected":false},"excerpt":{"rendered":"","protected":false},"author":1,"featured_media":0,"parent":0,"menu_order":0,"comment_status":"closed","ping_status":"closed","template":"","meta":{"footnotes":""},"class_list":["post-228","page","type-page","status-publish","hentry"],"_links":{"self":[{"href":"https:\/\/broelz-burnout-beratung.de\/index.php\/wp-json\/wp\/v2\/pages\/228","targetHints":{"allow":["GET"]}}],"collection":[{"href":"https:\/\/broelz-burnout-beratung.de\/index.php\/wp-json\/wp\/v2\/pages"}],"about":[{"href":"https:\/\/broelz-burnout-beratung.de\/index.php\/wp-json\/wp\/v2\/types\/page"}],"author":[{"embeddable":true,"href":"https:\/\/broelz-burnout-beratung.de\/index.php\/wp-json\/wp\/v2\/users\/1"}],"replies":[{"embeddable":true,"href":"https:\/\/broelz-burnout-beratung.de\/index.php\/wp-json\/wp\/v2\/comments?post=228"}],"version-history":[{"count":54,"href":"https:\/\/broelz-burnout-beratung.de\/index.php\/wp-json\/wp\/v2\/pages\/228\/revisions"}],"predecessor-version":[{"id":1006,"href":"https:\/\/broelz-burnout-beratung.de\/index.php\/wp-json\/wp\/v2\/pages\/228\/revisions\/1006"}],"wp:attachment":[{"href":"https:\/\/broelz-burnout-beratung.de\/index.php\/wp-json\/wp\/v2\/media?parent=228"}],"curies":[{"name":"wp","href":"https:\/\/api.w.org\/{rel}","templated":true}]}}