{"id":165,"date":"2021-02-22T11:40:12","date_gmt":"2021-02-22T10:40:12","guid":{"rendered":"https:\/\/broelz-burnout-beratung.de\/?page_id=165"},"modified":"2021-03-05T17:19:16","modified_gmt":"2021-03-05T16:19:16","slug":"165-2","status":"publish","type":"page","link":"https:\/\/broelz-burnout-beratung.de\/","title":{"rendered":"Startseite"},"content":{"rendered":"<div id='av_section_1'  class='avia-section main_color avia-section-default avia-no-border-styling  av-parallax-section avia-bg-style-parallax  avia-builder-el-0  el_before_av_section  avia-builder-el-first   av-minimum-height av-minimum-height-95  container_wrap fullsize' style=' '  data-section-bg-repeat='no-repeat' data-av_minimum_height_pc='95'><div class='av-parallax' data-avia-parallax-ratio='0.3' ><div class='av-parallax-inner main_color  avia-full-stretch' style = 'background-repeat: no-repeat; background-image: url(https:\/\/broelz-burnout-beratung.de\/wp-content\/uploads\/2021\/03\/Carola-Bro\u0308lz-Burnout-Beratung-Beratungssituation.jpg);background-attachment: scroll; background-position: center center; ' ><\/div><\/div><div class='container' ><main  role=\"main\" itemprop=\"mainContentOfPage\"  class='template-page content  av-content-full alpha units'><div class='post-entry post-entry-type-page post-entry-165'><div class='entry-content-wrapper clearfix'>\n<div class=\"flex_column av_one_full  flex_column_div av-zero-column-padding first  avia-builder-el-1  avia-builder-el-no-sibling  \" style='border-radius:0px; '><p><div  class='avia-image-container  av-styling-    avia-builder-el-2  el_before_av_textblock  avia-builder-el-first  avia-align-center '  itemprop=\"image\" itemscope=\"itemscope\" itemtype=\"https:\/\/schema.org\/ImageObject\"  ><div class='avia-image-container-inner'><div class='avia-image-overlay-wrap'><img decoding=\"async\" class='wp-image-776 avia-img-lazy-loading-not-776 avia_image' src=\"https:\/\/broelz-burnout-beratung.de\/wp-content\/uploads\/2021\/02\/Burnout-Beratung-Broelz-Carola-Broelz-weiss.svg\" alt='' title='Burnout Beratung Broelz - Carola Br\u00f6lz weiss' height=\"300\" width=\"300\"  itemprop=\"thumbnailUrl\" srcset=\"https:\/\/broelz-burnout-beratung.de\/wp-content\/uploads\/\/2021\/02\/Burnout-Beratung-Broelz-Carola-Broelz-weiss.svg 150w, https:\/\/broelz-burnout-beratung.de\/wp-content\/uploads\/\/2021\/02\/Burnout-Beratung-Broelz-Carola-Broelz-weiss.svg 300w, https:\/\/broelz-burnout-beratung.de\/wp-content\/uploads\/\/2021\/02\/Burnout-Beratung-Broelz-Carola-Broelz-weiss.svg 1024w\" sizes=\"(max-width: 300px) 100vw, 300px\" \/><\/div><\/div><\/div><br \/>\n<section class=\"av_textblock_section \"  itemscope=\"itemscope\" itemtype=\"https:\/\/schema.org\/CreativeWork\" ><div class='avia_textblock white_subtitle av_inherit_color '  style='color:#ffffff; '  itemprop=\"text\" ><p style=\"text-align: center;\">burnout beratung<\/p>\n<\/div><\/section><\/p><\/div>\n\n<\/div><\/div><\/main><!-- close content main element --><\/div><\/div><div id='av_section_2'  class='avia-section main_color avia-section-large avia-no-border-styling  avia-bg-style-scroll  avia-builder-el-4  el_after_av_section  el_before_av_section   container_wrap fullsize' style=' '  ><div class='container' ><div class='template-page content  av-content-full alpha units'><div class='post-entry post-entry-type-page post-entry-165'><div class='entry-content-wrapper clearfix'>\n<div class=\"flex_column av_one_full  flex_column_div av-zero-column-padding first  avia-builder-el-5  avia-builder-el-no-sibling  \" style='border-radius:0px; '><section class=\"av_textblock_section \"  itemscope=\"itemscope\" itemtype=\"https:\/\/schema.org\/CreativeWork\" ><div class='avia_textblock  '   itemprop=\"text\" ><p class=\"p1\"><span class=\"s1\"><b>Kennen Sie das auch?<\/b><\/span><\/p>\n<p class=\"p1\"><span class=\"s1\">Jeder zweite f\u00fchlt sich mindestens einmal pro Woche gestresst oder empfindet Zeitmangel. Sehr h\u00e4ufig stellt man sich die Frage: &#8220;Ist das normal, dass ich mich so ersch\u00f6pft f\u00fchle?&#8221; Der Urlaub gen\u00fcgt zur Erholung nicht mehr. Familie und Freunde weisen einen auf eine ver\u00e4nderte Lebensweise hin.<\/span><\/p>\n<p class=\"p1\"><span class=\"s1\">Der erste Schritt ist es sich einzugestehen, dass man sein pers\u00f6nliches Limit erreicht hat.<\/p>\n<p>Der Zweite ist sich professionelle Unterst\u00fctzung zu suchen und diese anzunehmen &#8211; Exakt hier beginnt die Pr\u00e4vention. Sobald erste Anzeichen oder bereits Symptome erkennbar sind wird es Zeit zu handeln. Je fr\u00fcher Sie Burnout erkennen, umso besser sind die Heilungschancen.<\/span><\/p>\n<p class=\"p1\"><span class=\"s1\">Oftmals gen\u00fcgen nur ein oder zwei Beratungstermine, um den richtigen Weg wieder zu finden.<\/span><\/p>\n<\/div><\/section><\/div>\n\n<\/div><\/div><\/div><!-- close content main div --><\/div><\/div><div id='av_section_3'  class='avia-section alternate_color avia-section-large avia-no-border-styling  av-section-color-overlay-active avia-bg-style-scroll  avia-builder-el-7  el_after_av_section  el_before_av_layout_row   container_wrap fullsize' style=' '  ><div class='av-section-color-overlay-wrap'><div class='av-section-color-overlay' style='opacity: 0.5; background-image: url(https:\/\/broelz-burnout-beratung.de\/wp-content\/uploads\/2021\/02\/Burnout-Beratung-Broelz-white-line-background-1.png); background-repeat: repeat;'><\/div><div class='container' ><div class='template-page content  av-content-full alpha units'><div class='post-entry post-entry-type-page post-entry-165'><div class='entry-content-wrapper clearfix'>\n<div class=\"flex_column av_one_full  flex_column_div av-zero-column-padding first  avia-builder-el-8  el_before_av_one_half  avia-builder-el-first  \" style='border-radius:0px; '><div  style='padding-bottom:10px; ' class='av-special-heading av-special-heading-h2  blockquote modern-quote modern-centered  avia-builder-el-9  avia-builder-el-no-sibling  '><h2 class='av-special-heading-tag '  itemprop=\"headline\"  >Burnout<\/h2><div class='special-heading-border'><div class='special-heading-inner-border' ><\/div><\/div><\/div><\/div><div class=\"flex_column av_one_half  flex_column_div av-zero-column-padding first  avia-builder-el-10  el_after_av_one_full  el_before_av_one_half  column-top-margin\" style='border-radius:0px; '><section class=\"av_textblock_section \"  itemscope=\"itemscope\" itemtype=\"https:\/\/schema.org\/CreativeWork\" ><div class='avia_textblock  '   itemprop=\"text\" ><p class=\"p1\"><span class=\"s1\"><b>Was ist Burnout?<\/b><\/span><\/p>\n<p class=\"p1\"><span class=\"s1\">Das Burnout-Syndrom hei\u00dft \u00fcbersetzt &#8220;Ausgebranntsein&#8221;. Typisch sind Symptome der Ersch\u00f6pfung und inneren Leere. Es sind h\u00e4ufig Menschen betroffen, die \u00fcber Jahre hinweg engagiert gearbeitet haben. Neben den \u00e4u\u00dferen Einfl\u00fcssen spielen auch Pers\u00f6nlichkeitsmerkmale eine weitere Rolle.<span class=\"Apple-converted-space\">\u00a0<\/span><\/span><\/p>\n<p class=\"p1\"><span class=\"s1\">Der Verlauf ist von Person zu Person unterschiedlich. Dennoch gibt es Anzeichen und Symptome, anhand welcher ein Burnout-Syndrom festgestellt werden kann.<\/span><\/p>\n<\/div><\/section><br \/>\n<div  style='height:15px' class='hr hr-invisible   avia-builder-el-12  el_after_av_textblock  el_before_av_button '><span class='hr-inner ' ><span class='hr-inner-style'><\/span><\/span><\/div><br \/>\n<div  class='avia-button-wrap avia-button-left  avia-builder-el-13  el_after_av_hr  avia-builder-el-last ' ><a href='https:\/\/broelz-burnout-beratung.de\/index.php\/burnout\/'  class='avia-button  avia-color-theme-color   avia-icon_select-no avia-size-small avia-position-left '   ><span class='avia_iconbox_title' >Mehr erfahren<\/span><\/a><\/div><\/p><\/div><div class=\"flex_column av_one_half  flex_column_div av-zero-column-padding   avia-builder-el-14  el_after_av_one_half  avia-builder-el-last  column-top-margin\" style='border-radius:0px; '><section class=\"av_textblock_section \"  itemscope=\"itemscope\" itemtype=\"https:\/\/schema.org\/CreativeWork\" ><div class='avia_textblock  '   itemprop=\"text\" ><p class=\"p1\"><span class=\"s1\"><b>Welche Ursachen hat Burnout?<\/b><\/span><\/p>\n<p class=\"p1\"><span class=\"s1\">Die Gr\u00fcnde sind vielf\u00e4ltig und enthalten eine komplexe Wechselwirkung.<span class=\"Apple-converted-space\">\u00a0<\/span><\/span><\/p>\n<p class=\"p1\"><span class=\"s1\">Ursachen k\u00f6nnen so individuell sein wie der Mensch selbst. Von ungeschicktem Umgang in Stress-Situation, privat oder beruflich belastende Situationen, \u00fcber Schilddr\u00fcsenerkrankungen, Wechselwirkung verschiedener Medikamente, usw. Man f\u00fchlt sich \u00fcberfordert und reagiert gereizt, nerv\u00f6s und \u00e4rgerlich oder reagiert mit Niedergeschlagenheit und Ohnmacht. Auch die Ern\u00e4hrung spielt eine wichtige Rolle sowie versteckte Lebensmittelallergien.<\/span><\/p>\n<\/div><\/section><br \/>\n<div  style='height:15px' class='hr hr-invisible   avia-builder-el-16  el_after_av_textblock  el_before_av_button '><span class='hr-inner ' ><span class='hr-inner-style'><\/span><\/span><\/div><br \/>\n<div  class='avia-button-wrap avia-button-left  avia-builder-el-17  el_after_av_hr  avia-builder-el-last ' ><a href='https:\/\/broelz-burnout-beratung.de\/index.php\/ursachen\/'  class='avia-button  avia-color-theme-color   avia-icon_select-no avia-size-small avia-position-left '   ><span class='avia_iconbox_title' >Mehr erfahren<\/span><\/a><\/div><\/p><\/div>\n\n<\/div><\/div><\/div><!-- close content main div --><\/div><\/div><\/div><div id='av-layout-grid-1'  class='av-layout-grid-container entry-content-wrapper main_color av-flex-cells     avia-builder-el-18  el_after_av_section  el_before_av_section  submenu-not-first container_wrap fullsize' style=' '  >\n<div class=\"flex_cell no_margin av_one_third  avia-builder-el-19  el_before_av_cell_one_third  avia-builder-el-first   av-zero-padding \"  style='vertical-align:top; padding:0px; ' ><div class='flex_cell_inner' ><div  class='avia-image-container  av-styling-    avia-builder-el-20  avia-builder-el-no-sibling  avia-align-center '  itemprop=\"image\" itemscope=\"itemscope\" itemtype=\"https:\/\/schema.org\/ImageObject\"  ><div class='avia-image-container-inner'><div class='avia-image-overlay-wrap'><img decoding=\"async\" class='wp-image-990 avia-img-lazy-loading-not-990 avia_image' src=\"https:\/\/broelz-burnout-beratung.de\/wp-content\/uploads\/2021\/03\/Carola-Bro\u0308lz-Burnout-Beratung-Blick-aus-dem-Fenster.jpg\" alt='' title='Carola Br\u00f6lz' height=\"400\" width=\"600\"  itemprop=\"thumbnailUrl\" srcset=\"https:\/\/broelz-burnout-beratung.de\/wp-content\/uploads\/2021\/03\/Carola-Bro\u0308lz-Burnout-Beratung-Blick-aus-dem-Fenster.jpg 600w, https:\/\/broelz-burnout-beratung.de\/wp-content\/uploads\/2021\/03\/Carola-Bro\u0308lz-Burnout-Beratung-Blick-aus-dem-Fenster-300x200.jpg 300w\" sizes=\"(max-width: 600px) 100vw, 600px\" \/><\/div><\/div><\/div>\n<\/div><\/div><div class=\"flex_cell no_margin av_one_third  avia-builder-el-21  el_after_av_cell_one_third  el_before_av_cell_one_third   av-zero-padding \"  style='vertical-align:top; padding:0px; ' ><div class='flex_cell_inner' ><div  class='avia-image-container  av-styling-    avia-builder-el-22  avia-builder-el-no-sibling  avia-align-center '  itemprop=\"image\" itemscope=\"itemscope\" itemtype=\"https:\/\/schema.org\/ImageObject\"  ><div class='avia-image-container-inner'><div class='avia-image-overlay-wrap'><img decoding=\"async\" class='wp-image-989 avia-img-lazy-loading-not-989 avia_image' src=\"https:\/\/broelz-burnout-beratung.de\/wp-content\/uploads\/2021\/03\/Carola-Bro\u0308lz-Burnout-Beratung-Beratungssituation2.jpg\" alt='' title='Carola Br\u00f6lz' height=\"400\" width=\"600\"  itemprop=\"thumbnailUrl\" srcset=\"https:\/\/broelz-burnout-beratung.de\/wp-content\/uploads\/2021\/03\/Carola-Bro\u0308lz-Burnout-Beratung-Beratungssituation2.jpg 600w, https:\/\/broelz-burnout-beratung.de\/wp-content\/uploads\/2021\/03\/Carola-Bro\u0308lz-Burnout-Beratung-Beratungssituation2-300x200.jpg 300w\" sizes=\"(max-width: 600px) 100vw, 600px\" \/><\/div><\/div><\/div>\n<\/div><\/div><div class=\"flex_cell no_margin av_one_third  avia-builder-el-23  el_after_av_cell_one_third  avia-builder-el-last   av-zero-padding \"  style='vertical-align:top; padding:0px; ' ><div class='flex_cell_inner' ><div  class='avia-image-container  av-styling-    avia-builder-el-24  avia-builder-el-no-sibling  avia-align-center '  itemprop=\"image\" itemscope=\"itemscope\" itemtype=\"https:\/\/schema.org\/ImageObject\"  ><div class='avia-image-container-inner'><div class='avia-image-overlay-wrap'><img decoding=\"async\" class='wp-image-992 avia-img-lazy-loading-not-992 avia_image' src=\"https:\/\/broelz-burnout-beratung.de\/wp-content\/uploads\/2021\/03\/Carola-Bro\u0308lz-Burnout-Beratung-Spiegelbild.jpg\" alt='' title='Carola Br\u00f6lz' height=\"400\" width=\"600\"  itemprop=\"thumbnailUrl\" srcset=\"https:\/\/broelz-burnout-beratung.de\/wp-content\/uploads\/2021\/03\/Carola-Bro\u0308lz-Burnout-Beratung-Spiegelbild.jpg 600w, https:\/\/broelz-burnout-beratung.de\/wp-content\/uploads\/2021\/03\/Carola-Bro\u0308lz-Burnout-Beratung-Spiegelbild-300x200.jpg 300w\" sizes=\"(max-width: 600px) 100vw, 600px\" \/><\/div><\/div><\/div>\n<\/div><\/div>\n<\/div>\n<div id='av_section_4'  class='avia-section main_color avia-section-large avia-no-border-styling  avia-bg-style-scroll  avia-builder-el-25  el_after_av_layout_row  el_before_av_section   container_wrap fullsize' style=' '  ><div class='container' ><div class='template-page content  av-content-full alpha units'><div class='post-entry post-entry-type-page post-entry-165'><div class='entry-content-wrapper clearfix'>\n<div class=\"flex_column av_one_full  flex_column_div av-zero-column-padding first  avia-builder-el-26  avia-builder-el-no-sibling  \" style='border-radius:0px; '><p><div  style='padding-bottom:10px; ' class='av-special-heading av-special-heading-h2  blockquote modern-quote modern-centered  avia-builder-el-27  el_before_av_hr  avia-builder-el-first  '><h2 class='av-special-heading-tag '  itemprop=\"headline\"  >Wie kann Burnout Beratung helfen?<\/h2><div class='special-heading-border'><div class='special-heading-inner-border' ><\/div><\/div><\/div><br \/>\n<div  style='height:15px' class='hr hr-invisible   avia-builder-el-28  el_after_av_heading  el_before_av_textblock '><span class='hr-inner ' ><span class='hr-inner-style'><\/span><\/span><\/div><br \/>\n<section class=\"av_textblock_section \"  itemscope=\"itemscope\" itemtype=\"https:\/\/schema.org\/CreativeWork\" ><div class='avia_textblock  '   itemprop=\"text\" ><p class=\"p1\"><span class=\"s1\">Bei unserem Coaching werden nicht nur Schwierigkeiten beleuchtet, sondern wir holen vor allem auch Ihre in vergessen geratene Ressourcen hervor. Es steckt in einem woran man schon lang nicht mehr gedacht hat oder wof\u00fcr man sich keine Zeit mehr genommen hat. Gemeinsam finden wir das<span class=\"Apple-converted-space\">\u00a0 <\/span>heraus.<\/span><\/p>\n<p class=\"p1\"><span class=\"s1\">Zu Beginn gibt es verschiedene Tests, die man durchf\u00fchren kann, um z.B. der Stresslevel zu messen, dieser wird anschlie\u00dfend analysiert und gemeinsam besprochen. Je nach individuellen Problematiken legen wir den Schwerpunkt des Coachings gemeinsam fest. In erster Linie findet das Coaching \u00fcber Gesp\u00e4che statt.<span class=\"Apple-converted-space\">\u00a0<\/span><\/span><\/p>\n<\/div><\/section><br \/>\n<div  style='height:15px' class='hr hr-invisible   avia-builder-el-30  el_after_av_textblock  el_before_av_button '><span class='hr-inner ' ><span class='hr-inner-style'><\/span><\/span><\/div><br \/>\n<div  class='avia-button-wrap avia-button-center  avia-builder-el-31  el_after_av_hr  el_before_av_hr ' ><a href='https:\/\/broelz-burnout-beratung.de\/index.php\/burnout-beratung\/'  class='avia-button  avia-color-theme-color   avia-icon_select-no avia-size-small avia-position-center '   ><span class='avia_iconbox_title' >Mehr erfahren<\/span><\/a><\/div><br \/>\n<div  style='height:1px; margin-top:-50px'  class='hr hr-invisible   avia-builder-el-32  el_after_av_button  avia-builder-el-last '><span class='hr-inner ' ><span class='hr-inner-style'><\/span><\/span><\/div><\/p><\/div>\n\n<\/div><\/div><\/div><!-- close content main div --><\/div><\/div><div id='vollebreite'  class='avia-section main_color avia-section-no-padding avia-no-border-styling  avia-full-stretch avia-bg-style-scroll  avia-builder-el-33  el_after_av_section  el_before_av_section   container_wrap fullsize' style='background-repeat: no-repeat; background-image: url(https:\/\/broelz-burnout-beratung.de\/wp-content\/uploads\/2021\/02\/Burnout-Beratung-Broelz-Hintergrund-graue-Linien-2.svg);background-attachment: scroll; background-position: top center;  '  data-section-bg-repeat='stretch'><div class='container' ><div class='template-page content  av-content-full alpha units'><div class='post-entry post-entry-type-page post-entry-165'><div class='entry-content-wrapper clearfix'>\n<\/div><\/div><\/div><!-- close content main div --><\/div><\/div><div id='av_section_6'  class='avia-section alternate_color avia-section-large avia-no-border-styling  avia-bg-style-scroll  avia-builder-el-34  el_after_av_section  el_before_av_layout_row   container_wrap fullsize' style=' '  ><div class='container' ><div class='template-page content  av-content-full alpha units'><div class='post-entry post-entry-type-page post-entry-165'><div class='entry-content-wrapper clearfix'>\n<div class=\"flex_column av_one_full  flex_column_div av-zero-column-padding first  avia-builder-el-35  avia-builder-el-no-sibling  \" style='border-radius:0px; '><p><div  style='padding-bottom:10px; ' class='av-special-heading av-special-heading-h2  blockquote modern-quote modern-centered  avia-builder-el-36  el_before_av_hr  avia-builder-el-first  '><h2 class='av-special-heading-tag '  itemprop=\"headline\"  >Wem kann Burnout Beratung helfen?<\/h2><div class='special-heading-border'><div class='special-heading-inner-border' ><\/div><\/div><\/div><br \/>\n<div  style='height:15px' class='hr hr-invisible   avia-builder-el-37  el_after_av_heading  el_before_av_textblock '><span class='hr-inner ' ><span class='hr-inner-style'><\/span><\/span><\/div><br \/>\n<section class=\"av_textblock_section \"  itemscope=\"itemscope\" itemtype=\"https:\/\/schema.org\/CreativeWork\" ><div class='avia_textblock  '   itemprop=\"text\" ><p class=\"p1\"><span class=\"s1\">Inzwischen zeigt sich deutlich, dass jede Berufsgruppe von Burnout betroffen sein kann. Jedoch scheint bei manchen Berufsgruppen der Burnout schon vorprogrammiert: Sowohl die F\u00fchrungsebene als auch Pflegepersonal, Lehrer, Polizisten oder die Person, die zu Hause Kinder und Angeh\u00f6rige betreut. Eine h\u00f6here Tendenz an Burnout zu erkranken ist in den Branchen mit Mitarbeitermangel wie z.B. In der Pflege, zu erkennen.<\/span><\/p>\n<\/div><\/section><br \/>\n<div  style='height:15px' class='hr hr-invisible   avia-builder-el-39  el_after_av_textblock  el_before_av_button '><span class='hr-inner ' ><span class='hr-inner-style'><\/span><\/span><\/div><br \/>\n<div  class='avia-button-wrap avia-button-center  avia-builder-el-40  el_after_av_hr  avia-builder-el-last ' ><a href='https:\/\/broelz-burnout-beratung.de\/index.php\/253-2\/'  class='avia-button  avia-color-theme-color   avia-icon_select-no avia-size-small avia-position-center '   ><span class='avia_iconbox_title' >Mehr erfahren<\/span><\/a><\/div><\/p><\/div>\n\n<\/div><\/div><\/div><!-- close content main div --><\/div><\/div><div id='av-layout-grid-2'  class='av-layout-grid-container entry-content-wrapper main_color av-flex-cells     avia-builder-el-41  el_after_av_section  avia-builder-el-last  submenu-not-first container_wrap fullsize' style=' '  >\n<div class=\"flex_cell no_margin av_one_half  avia-builder-el-42  el_before_av_cell_one_half  avia-builder-el-first   \"  style='background: #ffffff; vertical-align:middle; padding:100px 100px 100px 10% ; background-color:#ffffff; ' ><div class='flex_cell_inner' ><p><div  class='avia-image-container  av-styling-    avia-builder-el-43  el_before_av_hr  avia-builder-el-first  avia-align-left '  itemprop=\"image\" itemscope=\"itemscope\" itemtype=\"https:\/\/schema.org\/ImageObject\"  ><div class='avia-image-container-inner'><div class='avia-image-overlay-wrap'><img decoding=\"async\" class='wp-image-716 avia-img-lazy-loading-not-716 avia_image' src=\"https:\/\/broelz-burnout-beratung.de\/wp-content\/uploads\/2021\/02\/Burnout-Beratung-Broelz-Carola-Broelz-Blau-5.svg\" alt='' title='Burnout Beratung Broelz - Carola Broelz Blau' height=\"300\" width=\"300\"  itemprop=\"thumbnailUrl\" srcset=\"https:\/\/broelz-burnout-beratung.de\/wp-content\/uploads\/\/2021\/02\/Burnout-Beratung-Broelz-Carola-Broelz-Blau-5.svg 150w, https:\/\/broelz-burnout-beratung.de\/wp-content\/uploads\/\/2021\/02\/Burnout-Beratung-Broelz-Carola-Broelz-Blau-5.svg 300w, https:\/\/broelz-burnout-beratung.de\/wp-content\/uploads\/\/2021\/02\/Burnout-Beratung-Broelz-Carola-Broelz-Blau-5.svg 1024w\" sizes=\"(max-width: 300px) 100vw, 300px\" \/><\/div><\/div><\/div><br \/>\n<div  style='height:15px' class='hr hr-invisible   avia-builder-el-44  el_after_av_image  el_before_av_textblock '><span class='hr-inner ' ><span class='hr-inner-style'><\/span><\/span><\/div><br \/>\n<section class=\"av_textblock_section \"  itemscope=\"itemscope\" itemtype=\"https:\/\/schema.org\/CreativeWork\" ><div class='avia_textblock  '   itemprop=\"text\" ><p class=\"p1\"><span class=\"s1\">Durch meine langj\u00e4hrige Erfahrung als Therapeutin habe ich oft hinter die Kulissen schauen d\u00fcrfen, viele Lebensgeschichten erfahren, welches Leid erlebt wurde, aber auch wie diese Menschen wieder aus ihrem Tief heraus kamen.<span class=\"Apple-converted-space\">\u00a0<\/span><\/span><\/p>\n<\/div><\/section><br \/>\n<div  style='height:15px' class='hr hr-invisible   avia-builder-el-46  el_after_av_textblock  el_before_av_button '><span class='hr-inner ' ><span class='hr-inner-style'><\/span><\/span><\/div><br \/>\n<div  class='avia-button-wrap avia-button-left  avia-builder-el-47  el_after_av_hr  avia-builder-el-last ' ><a href='https:\/\/broelz-burnout-beratung.de\/index.php\/ueber-mich\/'  class='avia-button  avia-color-theme-color   avia-icon_select-no avia-size-small avia-position-left '   ><span class='avia_iconbox_title' >Mehr erfahren<\/span><\/a><\/div><\/p>\n<\/div><\/div><div class=\"flex_cell no_margin av_one_half  avia-builder-el-48  el_after_av_cell_one_half  avia-builder-el-last   av-zero-padding \"  style='background: #ffffff; vertical-align:middle; padding:0px; background-color:#ffffff; ' ><div class='flex_cell_inner' ><div  class='avia-image-container  av-styling-no-styling    avia-builder-el-49  avia-builder-el-no-sibling  avia-align-center '  itemprop=\"image\" itemscope=\"itemscope\" itemtype=\"https:\/\/schema.org\/ImageObject\"  ><div class='avia-image-container-inner'><div class='avia-image-overlay-wrap'><img decoding=\"async\" class='wp-image-975 avia-img-lazy-loading-not-975 avia_image' src=\"https:\/\/broelz-burnout-beratung.de\/wp-content\/uploads\/2021\/03\/Carola-Bro\u0308lz-Burnout-Beratung-Portrait-Carola-Bro\u0308lz.jpg\" alt='' title='Carola Br\u00f6lz Burnout Beratung 17.01.2021 Foto Edgar Layher' height=\"1333\" width=\"2000\"  itemprop=\"thumbnailUrl\" srcset=\"https:\/\/broelz-burnout-beratung.de\/wp-content\/uploads\/2021\/03\/Carola-Bro\u0308lz-Burnout-Beratung-Portrait-Carola-Bro\u0308lz.jpg 2000w, https:\/\/broelz-burnout-beratung.de\/wp-content\/uploads\/2021\/03\/Carola-Bro\u0308lz-Burnout-Beratung-Portrait-Carola-Bro\u0308lz-300x200.jpg 300w, https:\/\/broelz-burnout-beratung.de\/wp-content\/uploads\/2021\/03\/Carola-Bro\u0308lz-Burnout-Beratung-Portrait-Carola-Bro\u0308lz-1024x682.jpg 1024w, https:\/\/broelz-burnout-beratung.de\/wp-content\/uploads\/2021\/03\/Carola-Bro\u0308lz-Burnout-Beratung-Portrait-Carola-Bro\u0308lz-768x512.jpg 768w, https:\/\/broelz-burnout-beratung.de\/wp-content\/uploads\/2021\/03\/Carola-Bro\u0308lz-Burnout-Beratung-Portrait-Carola-Bro\u0308lz-1536x1024.jpg 1536w, https:\/\/broelz-burnout-beratung.de\/wp-content\/uploads\/2021\/03\/Carola-Bro\u0308lz-Burnout-Beratung-Portrait-Carola-Bro\u0308lz-1500x1000.jpg 1500w, https:\/\/broelz-burnout-beratung.de\/wp-content\/uploads\/2021\/03\/Carola-Bro\u0308lz-Burnout-Beratung-Portrait-Carola-Bro\u0308lz-705x470.jpg 705w\" sizes=\"(max-width: 2000px) 100vw, 2000px\" \/><\/div><\/div><\/div>\n<\/div><\/div><\/div>\n","protected":false},"excerpt":{"rendered":"","protected":false},"author":1,"featured_media":0,"parent":0,"menu_order":0,"comment_status":"closed","ping_status":"closed","template":"","meta":{"footnotes":""},"class_list":["post-165","page","type-page","status-publish","hentry"],"_links":{"self":[{"href":"https:\/\/broelz-burnout-beratung.de\/index.php\/wp-json\/wp\/v2\/pages\/165","targetHints":{"allow":["GET"]}}],"collection":[{"href":"https:\/\/broelz-burnout-beratung.de\/index.php\/wp-json\/wp\/v2\/pages"}],"about":[{"href":"https:\/\/broelz-burnout-beratung.de\/index.php\/wp-json\/wp\/v2\/types\/page"}],"author":[{"embeddable":true,"href":"https:\/\/broelz-burnout-beratung.de\/index.php\/wp-json\/wp\/v2\/users\/1"}],"replies":[{"embeddable":true,"href":"https:\/\/broelz-burnout-beratung.de\/index.php\/wp-json\/wp\/v2\/comments?post=165"}],"version-history":[{"count":69,"href":"https:\/\/broelz-burnout-beratung.de\/index.php\/wp-json\/wp\/v2\/pages\/165\/revisions"}],"predecessor-version":[{"id":1023,"href":"https:\/\/broelz-burnout-beratung.de\/index.php\/wp-json\/wp\/v2\/pages\/165\/revisions\/1023"}],"wp:attachment":[{"href":"https:\/\/broelz-burnout-beratung.de\/index.php\/wp-json\/wp\/v2\/media?parent=165"}],"curies":[{"name":"wp","href":"https:\/\/api.w.org\/{rel}","templated":true}]}}